{"id":88,"date":"2026-03-05T22:37:41","date_gmt":"2026-03-05T22:37:41","guid":{"rendered":"https:\/\/salon-artshopping-expo.com\/?page_id=88"},"modified":"2026-05-07T09:44:30","modified_gmt":"2026-05-07T09:44:30","slug":"presse","status":"publish","type":"page","link":"https:\/\/salon-artshopping-expo.com\/en\/presse\/","title":{"rendered":"Press"},"content":{"rendered":"\t\t<div data-elementor-type=\"wp-page\" data-elementor-id=\"88\" class=\"elementor elementor-88\">\n\t\t\t\t<div class=\"elementor-element elementor-element-580e2c1 e-flex e-con-boxed e-con e-parent\" data-id=\"580e2c1\" data-element_type=\"container\" data-e-type=\"container\">\n\t\t\t\t\t<div class=\"e-con-inner\">\n\t\t\t\t<div class=\"elementor-element elementor-element-fc8ea78 elementor-widget elementor-widget-heading\" data-id=\"fc8ea78\" data-element_type=\"widget\" data-e-type=\"widget\" data-widget_type=\"heading.default\">\n\t\t\t\t\t<h2 class=\"elementor-heading-title elementor-size-default\">Art Shopping dans la presse \n<\/h2>\t\t\t\t<\/div>\n\t\t\t\t\t<\/div>\n\t\t\t\t<\/div>\n\t\t<div class=\"elementor-element elementor-element-89e4c29 e-flex e-con-boxed e-con e-parent\" data-id=\"89e4c29\" data-element_type=\"container\" data-e-type=\"container\">\n\t\t\t\t\t<div class=\"e-con-inner\">\n\t\t\t\t<div class=\"elementor-element elementor-element-bf47ff3 elementor-widget elementor-widget-heading\" data-id=\"bf47ff3\" data-element_type=\"widget\" data-e-type=\"widget\" data-widget_type=\"heading.default\">\n\t\t\t\t\t<h2 class=\"elementor-heading-title elementor-size-default\">Article Maison &amp; Jardin <\/h2>\t\t\t\t<\/div>\n\t\t\t\t\t<\/div>\n\t\t\t\t<\/div>\n\t\t<div class=\"elementor-element elementor-element-cd0b5fc e-flex e-con-boxed e-con e-parent\" data-id=\"cd0b5fc\" data-element_type=\"container\" data-e-type=\"container\">\n\t\t\t\t\t<div class=\"e-con-inner\">\n\t\t\t\t<div class=\"elementor-element elementor-element-211ac05 elementor-widget elementor-widget-heading\" data-id=\"211ac05\" data-element_type=\"widget\" data-e-type=\"widget\" data-widget_type=\"heading.default\">\n\t\t\t\t\t<h3 class=\"elementor-heading-title elementor-size-default\">F\u00e9vrier 2026<\/h3>\t\t\t\t<\/div>\n\t\t\t\t\t<\/div>\n\t\t\t\t<\/div>\n\t\t<div class=\"elementor-element elementor-element-8771244 e-flex e-con-boxed e-con e-parent\" data-id=\"8771244\" data-element_type=\"container\" data-e-type=\"container\">\n\t\t\t\t\t<div class=\"e-con-inner\">\n\t\t<div class=\"elementor-element elementor-element-2cc3e52 e-grid e-con-full e-con e-child\" data-id=\"2cc3e52\" data-element_type=\"container\" data-e-type=\"container\">\n\t\t\t\t<div class=\"elementor-element elementor-element-1ca7864 elementor-widget elementor-widget-text-editor\" data-id=\"1ca7864\" data-element_type=\"widget\" data-e-type=\"widget\" data-widget_type=\"text-editor.default\">\n\t\t\t\t\t\t\t\t\t<p data-path-to-node=\"1\">&#8230;<\/p><p data-path-to-node=\"1\"><b data-path-to-node=\"1\" data-index-in-node=\"0\">Aur\u00e9lie Le Moigne Maufroy,<\/b> DIRECTRICE DES OP\u00c9RATIONS ART SHOPPING<\/p><p data-path-to-node=\"2\"><i data-path-to-node=\"2\" data-index-in-node=\"0\">\u00ab L&rsquo;intelligence artificielle ne remplacera jamais les artistes. Mais elle est devenue un outil essentiel au service de leur cr\u00e9ativit\u00e9 \u00bb<\/i><\/p><p data-path-to-node=\"3\">Du 10 au 12 avril prochain, le Carrousel du Louvre accueillera le c\u00e9l\u00e8bre salon d&rsquo;art contemporain international ART Shopping. Une 37e \u00e9dition plac\u00e9e sous le signe de la diversit\u00e9 cr\u00e9atrice !<\/p><p data-path-to-node=\"3\">[&#8230;]<\/p>\t\t\t\t\t\t\t\t<\/div>\n\t\t\t\t<div class=\"elementor-element elementor-element-ad68dc4 elementor-align-center elementor-widget elementor-widget-button\" data-id=\"ad68dc4\" data-element_type=\"widget\" data-e-type=\"widget\" data-widget_type=\"button.default\">\n\t\t\t\t\t\t\t\t\t\t<a class=\"elementor-button elementor-button-link elementor-size-sm\" href=\"https:\/\/salon-artshopping-expo.com\/wp-content\/uploads\/2026\/03\/Maison-Jardin-Aurelie-.pdf\" target=\"_blank\">\n\t\t\t\t\t\t<span class=\"elementor-button-content-wrapper\">\n\t\t\t\t\t\t\t\t\t<span class=\"elementor-button-text\">Maison &amp; Jardin<\/span>\n\t\t\t\t\t<\/span>\n\t\t\t\t\t<\/a>\n\t\t\t\t\t\t\t\t<\/div>\n\t\t\t\t<\/div>\n\t\t<div class=\"elementor-element elementor-element-18a08eb e-con-full e-flex e-con e-child\" data-id=\"18a08eb\" data-element_type=\"container\" data-e-type=\"container\">\n\t\t\t\t<div class=\"elementor-element elementor-element-6f8c612 elementor-widget elementor-widget-heading\" data-id=\"6f8c612\" data-element_type=\"widget\" data-e-type=\"widget\" data-widget_type=\"heading.default\">\n\t\t\t\t\t<h2 class=\"elementor-heading-title elementor-size-default\">Article Maison &amp; Jardin <\/h2>\t\t\t\t<\/div>\n\t\t\t\t<div class=\"elementor-element elementor-element-91b669a elementor-widget elementor-widget-heading\" data-id=\"91b669a\" data-element_type=\"widget\" data-e-type=\"widget\" data-widget_type=\"heading.default\">\n\t\t\t\t\t<h2 class=\"elementor-heading-title elementor-size-default\">Avril 2025<\/h2>\t\t\t\t<\/div>\n\t\t\t\t<div class=\"elementor-element elementor-element-37258b6 elementor-widget elementor-widget-text-editor\" data-id=\"37258b6\" data-element_type=\"widget\" data-e-type=\"widget\" data-widget_type=\"text-editor.default\">\n\t\t\t\t\t\t\t\t\t<p style=\"text-align: right;\"><strong>St\u00e9phane De Boysson<\/strong>, DIRECTEUR COMMERCIAL ART SHOPPING<\/p><p style=\"padding-left: 40px; text-align: right;\"><strong>\u00ab\u00a0<em>Je gravite dans le milieu de l&rsquo;art avec une conviction profonde : la n\u00e9cessit\u00e9 de le d\u00e9mocratiser !<\/em>\u00ab\u00a0<\/strong><\/p><p style=\"padding-left: 40px; text-align: right;\">Quand pousser la porte d&rsquo;une galerie confidentielle peut intimider, <strong>ART Shopping est ouvert \u00e0 tous sur invitation<\/strong>. Que vous soyez un collectionneur chevronn\u00e9 ou un simple curieux, ART Shopping se donne pour mission de d\u00e9clencher l&rsquo;achat coup de coeur.<\/p><p style=\"text-align: right;\">[&#8230;]<\/p>\t\t\t\t\t\t\t\t<\/div>\n\t\t\t\t<div class=\"elementor-element elementor-element-5f50640 elementor-align-left elementor-widget elementor-widget-button\" data-id=\"5f50640\" data-element_type=\"widget\" data-e-type=\"widget\" data-widget_type=\"button.default\">\n\t\t\t\t\t\t\t\t\t\t<a class=\"elementor-button elementor-button-link elementor-size-sm\" href=\"https:\/\/salon-artshopping-expo.com\/wp-content\/uploads\/2026\/05\/Capture-decran-2026-05-07-112558.png\">\n\t\t\t\t\t\t<span class=\"elementor-button-content-wrapper\">\n\t\t\t\t\t\t\t\t\t<span class=\"elementor-button-text\">Lire l'article<\/span>\n\t\t\t\t\t<\/span>\n\t\t\t\t\t<\/a>\n\t\t\t\t\t\t\t\t<\/div>\n\t\t\t\t<\/div>\n\t\t\t\t<div class=\"elementor-element elementor-element-3ba75e6 elementor-widget elementor-widget-heading\" data-id=\"3ba75e6\" data-element_type=\"widget\" data-e-type=\"widget\" data-widget_type=\"heading.default\">\n\t\t\t\t\t<h2 class=\"elementor-heading-title elementor-size-default\">Article Paris select <\/h2>\t\t\t\t<\/div>\n\t\t\t\t<div class=\"elementor-element elementor-element-a304113 elementor-widget elementor-widget-heading\" data-id=\"a304113\" data-element_type=\"widget\" data-e-type=\"widget\" data-widget_type=\"heading.default\">\n\t\t\t\t\t<h2 class=\"elementor-heading-title elementor-size-default\">26 f\u00e9vrier 2026<\/h2>\t\t\t\t<\/div>\n\t\t<div class=\"elementor-element elementor-element-4aeb050 e-con-full e-flex e-con e-child\" data-id=\"4aeb050\" data-element_type=\"container\" data-e-type=\"container\">\n\t\t\t\t<div class=\"elementor-element elementor-element-45c9bf1 elementor-widget elementor-widget-text-editor\" data-id=\"45c9bf1\" data-element_type=\"widget\" data-e-type=\"widget\" data-widget_type=\"text-editor.default\">\n\t\t\t\t\t\t\t\t\t<p style=\"text-align: left;\"><strong>Paris n\u2019a jamais cess\u00e9 d\u2019\u00eatre une capitale artistique. Mais certains \u00e9v\u00e9nements rappellent avec \u00e9clat pourquoi la ville demeure l\u2019un des \u00e9picentres mondiaux de la cr\u00e9ation.<\/strong><strong>Du 10 au 12 avril 2026, Art Shopping Paris investit de nouveau le prestigieux Carrousel du Louvre, confirmant son statut de rendez-vous incontournable des passionn\u00e9s d\u2019art contemporain.<\/strong><\/p><p style=\"text-align: left;\">Install\u00e9 sous la pyramide du Louvre, le salon r\u00e9unit pr\u00e8s de 150 artistes et galeries issus de 27 nationalit\u00e9s.<\/p><p style=\"text-align: left;\">[&#8230;]<\/p>\t\t\t\t\t\t\t\t<\/div>\n\t\t\t\t<div class=\"elementor-element elementor-element-d591608 elementor-align-right elementor-widget elementor-widget-button\" data-id=\"d591608\" data-element_type=\"widget\" data-e-type=\"widget\" data-widget_type=\"button.default\">\n\t\t\t\t\t\t\t\t\t\t<a class=\"elementor-button elementor-button-link elementor-size-sm\" href=\"https:\/\/www.parisselectbook.com\/2026\/02\/26\/art-shopping-paris-2026-le-grand-rendez-vous-de-lart-contemporain-sous-la-pyramide-du-louvre-du-10-au-12-avril\/\" target=\"_blank\">\n\t\t\t\t\t\t<span class=\"elementor-button-content-wrapper\">\n\t\t\t\t\t\t\t\t\t<span class=\"elementor-button-text\">Lire l'article<\/span>\n\t\t\t\t\t<\/span>\n\t\t\t\t\t<\/a>\n\t\t\t\t\t\t\t\t<\/div>\n\t\t\t\t<\/div>\n\t\t\t\t<div class=\"elementor-element elementor-element-7fb3855 elementor-widget elementor-widget-heading\" data-id=\"7fb3855\" data-element_type=\"widget\" data-e-type=\"widget\" data-widget_type=\"heading.default\">\n\t\t\t\t\t<h2 class=\"elementor-heading-title elementor-size-default\">Article Paris je t'aime <\/h2>\t\t\t\t<\/div>\n\t\t\t\t<div class=\"elementor-element elementor-element-40d6efe elementor-widget elementor-widget-heading\" data-id=\"40d6efe\" data-element_type=\"widget\" data-e-type=\"widget\" data-widget_type=\"heading.default\">\n\t\t\t\t\t<h2 class=\"elementor-heading-title elementor-size-default\">F\u00e9vrier 2026<\/h2>\t\t\t\t<\/div>\n\t\t<div class=\"elementor-element elementor-element-63f83ea e-grid e-con-full e-con e-child\" data-id=\"63f83ea\" data-element_type=\"container\" data-e-type=\"container\">\n\t\t\t\t<div class=\"elementor-element elementor-element-4d2483a elementor-widget elementor-widget-text-editor\" data-id=\"4d2483a\" data-element_type=\"widget\" data-e-type=\"widget\" data-widget_type=\"text-editor.default\">\n\t\t\t\t\t\t\t\t\t<h3 style=\"text-align: right;\">Le march\u00e9 d\u2019art contemporain du Carrousel du Louvre<\/h3><p style=\"text-align: right;\">Le salon Art shopping s\u2019installe au Carrousel du Louvre deux fois par an (octobre et avril) et propose \u00e0 tous une s\u00e9lection d\u2019\u0153uvres d\u2019art \u00e0 admirer et \u00e0 acqu\u00e9rir. Plus d&rsquo;une centaine d&rsquo;artistes du monde entier y pr\u00e9sentent peintures, sculptures, installations et photographies contemporaines dans une ambiance conviviale.\u00a0<\/p><p style=\"text-align: right;\">[&#8230;]<\/p>\t\t\t\t\t\t\t\t<\/div>\n\t\t\t\t<\/div>\n\t\t\t\t<div class=\"elementor-element elementor-element-f56a1f6 elementor-align-left elementor-widget elementor-widget-button\" data-id=\"f56a1f6\" data-element_type=\"widget\" data-e-type=\"widget\" data-widget_type=\"button.default\">\n\t\t\t\t\t\t\t\t\t\t<a class=\"elementor-button elementor-button-link elementor-size-sm\" href=\"https:\/\/parisjetaime.com\/evenement\/art-shopping-e090#\" target=\"_blank\">\n\t\t\t\t\t\t<span class=\"elementor-button-content-wrapper\">\n\t\t\t\t\t\t\t\t\t<span class=\"elementor-button-text\">Lire l'article<\/span>\n\t\t\t\t\t<\/span>\n\t\t\t\t\t<\/a>\n\t\t\t\t\t\t\t\t<\/div>\n\t\t\t\t\t<\/div>\n\t\t\t\t<\/div>\n\t\t<div class=\"elementor-element elementor-element-1c22bdc e-flex e-con-boxed e-con e-parent\" data-id=\"1c22bdc\" data-element_type=\"container\" data-e-type=\"container\">\n\t\t\t\t\t<div class=\"e-con-inner\">\n\t\t<div class=\"elementor-element elementor-element-69cf862 e-con-full e-flex e-con e-child\" data-id=\"69cf862\" data-element_type=\"container\" data-e-type=\"container\">\n\t\t\t\t<\/div>\n\t\t\t\t<div class=\"elementor-element elementor-element-9e8c6f1 elementor-position-inline-start elementor-widget__width-inherit elementor-view-default elementor-mobile-position-block-start elementor-widget elementor-widget-icon-box\" data-id=\"9e8c6f1\" data-element_type=\"widget\" data-e-type=\"widget\" data-widget_type=\"icon-box.default\">\n\t\t\t\t\t\t\t<div class=\"elementor-icon-box-wrapper\">\n\n\t\t\t\t\t\t<div class=\"elementor-icon-box-icon\">\n\t\t\t\t<a href=\"https:\/\/salon-artshopping-expo.com\/wp-content\/uploads\/2026\/03\/Communique-de-presse-avril-2666.pdf\" target=\"_blank\" class=\"elementor-icon\" tabindex=\"-1\" aria-label=\"Communiqu\u00e9 de presse Art shopping\">\n\t\t\t\t<svg aria-hidden=\"true\" class=\"e-font-icon-svg e-fas-book-open\" viewBox=\"0 0 576 512\" xmlns=\"http:\/\/www.w3.org\/2000\/svg\"><path d=\"M542.22 32.05c-54.8 3.11-163.72 14.43-230.96 55.59-4.64 2.84-7.27 7.89-7.27 13.17v363.87c0 11.55 12.63 18.85 23.28 13.49 69.18-34.82 169.23-44.32 218.7-46.92 16.89-.89 30.02-14.43 30.02-30.66V62.75c.01-17.71-15.35-31.74-33.77-30.7zM264.73 87.64C197.5 46.48 88.58 35.17 33.78 32.05 15.36 31.01 0 45.04 0 62.75V400.6c0 16.24 13.13 29.78 30.02 30.66 49.49 2.6 149.59 12.11 218.77 46.95 10.62 5.35 23.21-1.94 23.21-13.46V100.63c0-5.29-2.62-10.14-7.27-12.99z\"><\/path><\/svg>\t\t\t\t<\/a>\n\t\t\t<\/div>\n\t\t\t\n\t\t\t\t\t\t<div class=\"elementor-icon-box-content\">\n\n\t\t\t\t\t\t\t\t\t<span class=\"elementor-icon-box-title\">\n\t\t\t\t\t\t<a href=\"https:\/\/salon-artshopping-expo.com\/wp-content\/uploads\/2026\/03\/Communique-de-presse-avril-2666.pdf\" target=\"_blank\" >\n\t\t\t\t\t\t\tCommuniqu\u00e9 de presse Art shopping\t\t\t\t\t\t<\/a>\n\t\t\t\t\t<\/span>\n\t\t\t\t\n\t\t\t\t\n\t\t\t<\/div>\n\t\t\t\n\t\t<\/div>\n\t\t\t\t\t\t<\/div>\n\t\t\t\t<div class=\"elementor-element elementor-element-604e55f elementor-position-inline-start elementor-widget__width-inherit elementor-view-default elementor-mobile-position-block-start elementor-widget elementor-widget-icon-box\" data-id=\"604e55f\" data-element_type=\"widget\" data-e-type=\"widget\" data-widget_type=\"icon-box.default\">\n\t\t\t\t\t\t\t<div class=\"elementor-icon-box-wrapper\">\n\n\t\t\t\t\t\t<div class=\"elementor-icon-box-icon\">\n\t\t\t\t<span  class=\"elementor-icon\">\n\t\t\t\t<svg aria-hidden=\"true\" class=\"e-font-icon-svg e-far-comment\" viewBox=\"0 0 512 512\" xmlns=\"http:\/\/www.w3.org\/2000\/svg\"><path d=\"M256 32C114.6 32 0 125.1 0 240c0 47.6 19.9 91.2 52.9 126.3C38 405.7 7 439.1 6.5 439.5c-6.6 7-8.4 17.2-4.6 26S14.4 480 24 480c61.5 0 110-25.7 139.1-46.3C192 442.8 223.2 448 256 448c141.4 0 256-93.1 256-208S397.4 32 256 32zm0 368c-26.7 0-53.1-4.1-78.4-12.1l-22.7-7.2-19.5 13.8c-14.3 10.1-33.9 21.4-57.5 29 7.3-12.1 14.4-25.7 19.9-40.2l10.6-28.1-20.6-21.8C69.7 314.1 48 282.2 48 240c0-88.2 93.3-160 208-160s208 71.8 208 160-93.3 160-208 160z\"><\/path><\/svg>\t\t\t\t<\/span>\n\t\t\t<\/div>\n\t\t\t\n\t\t\t\t\t\t<div class=\"elementor-icon-box-content\">\n\n\t\t\t\t\t\t\t\t\t<span class=\"elementor-icon-box-title\">\n\t\t\t\t\t\t<span  >\n\t\t\t\t\t\t\tContact Presse\t\t\t\t\t\t<\/span>\n\t\t\t\t\t<\/span>\n\t\t\t\t\n\t\t\t\t\t\t\t\t\t<p class=\"elementor-icon-box-description\">\n\t\t\t\t\t\t<p><strong>Christine SERFATI<br>\n <\/strong>Relations Medias \/ Relations Publiques<br> 0660702172\n <u><a target=\"_blank\" href=\"mailto:c.delattre.presse@orange.fr\">c.delattre.presse@orange.fr<\/a><\/u><br><\/p><p>\n<strong>\"Press Kit\" Art Shopping<\/strong><br>\n <strong>Merci de nous contacter afin de recevoir les communiqu\u00e9s, dossiers de presse, les \u00e9l\u00e9ments graphiques officiels d\u2019Art Shopping pour la r\u00e9alisation de vos articles, sujets, book, documents de promotion personnelle, etc \u2026<\/strong><br>\n                        <\/p><h3><a href=\"mailto:c.delattre.presse@orange.fr?subject=Accreditation Art shopping\">Accr\u00e9ditez vous<\/a><\/h2>\t\t\t\t\t<\/p>\n\t\t\t\t\n\t\t\t<\/div>\n\t\t\t\n\t\t<\/div>\n\t\t\t\t\t\t<\/div>\n\t\t\t\t\t<\/div>\n\t\t\t\t<\/div>\n\t\t\t\t<\/div>\n\t\t","protected":false},"excerpt":{"rendered":"<p>Art Shopping dans la presse Article Maison &amp; Jardin F\u00e9vrier 2026 &#8230; Aur\u00e9lie Le Moigne Maufroy, DIRECTRICE DES OP\u00c9RATIONS ART SHOPPING \u00ab L&rsquo;intelligence artificielle ne remplacera jamais les artistes. Mais elle est devenue un outil essentiel au service de leur cr\u00e9ativit\u00e9 \u00bb Du 10 au 12 avril prochain, le Carrousel du Louvre accueillera le c\u00e9l\u00e8bre &hellip; <\/p>","protected":false},"author":1,"featured_media":0,"parent":0,"menu_order":0,"comment_status":"closed","ping_status":"closed","template":"elementor_header_footer","meta":{"footnotes":""},"class_list":["post-88","page","type-page","status-publish","hentry","latest_post"],"yoast_head":"<!-- This site is optimized with the Yoast SEO plugin v27.6 - https:\/\/yoast.com\/product\/yoast-seo-wordpress\/ -->\n<title>Presse -<\/title>\n<meta name=\"robots\" content=\"index, follow, max-snippet:-1, max-image-preview:large, max-video-preview:-1\" \/>\n<link rel=\"canonical\" href=\"https:\/\/salon-artshopping-expo.com\/en\/presse\/\" \/>\n<meta property=\"og:locale\" content=\"en_GB\" \/>\n<meta property=\"og:type\" content=\"article\" \/>\n<meta property=\"og:title\" content=\"Presse -\" \/>\n<meta property=\"og:description\" content=\"Art Shopping dans la presse Article Maison &amp; Jardin F\u00e9vrier 2026 &#8230; Aur\u00e9lie Le Moigne Maufroy, DIRECTRICE DES OP\u00c9RATIONS ART SHOPPING \u00ab L&rsquo;intelligence artificielle ne remplacera jamais les artistes. Mais elle est devenue un outil essentiel au service de leur cr\u00e9ativit\u00e9 \u00bb Du 10 au 12 avril prochain, le Carrousel du Louvre accueillera le c\u00e9l\u00e8bre &hellip;\" \/>\n<meta property=\"og:url\" content=\"https:\/\/salon-artshopping-expo.com\/en\/presse\/\" \/>\n<meta property=\"article:modified_time\" content=\"2026-05-07T09:44:30+00:00\" \/>\n<meta name=\"twitter:card\" content=\"summary_large_image\" \/>\n<meta name=\"twitter:label1\" content=\"Estimated reading time\" \/>\n\t<meta name=\"twitter:data1\" content=\"2 minutes\" \/>\n<script type=\"application\/ld+json\" class=\"yoast-schema-graph\">{\"@context\":\"https:\\\/\\\/schema.org\",\"@graph\":[{\"@type\":\"WebPage\",\"@id\":\"https:\\\/\\\/salon-artshopping-expo.com\\\/presse\\\/\",\"url\":\"https:\\\/\\\/salon-artshopping-expo.com\\\/presse\\\/\",\"name\":\"Presse -\",\"isPartOf\":{\"@id\":\"https:\\\/\\\/salon-artshopping-expo.com\\\/#website\"},\"datePublished\":\"2026-03-05T22:37:41+00:00\",\"dateModified\":\"2026-05-07T09:44:30+00:00\",\"breadcrumb\":{\"@id\":\"https:\\\/\\\/salon-artshopping-expo.com\\\/presse\\\/#breadcrumb\"},\"inLanguage\":\"en-GB\",\"potentialAction\":[{\"@type\":\"ReadAction\",\"target\":[\"https:\\\/\\\/salon-artshopping-expo.com\\\/presse\\\/\"]}]},{\"@type\":\"BreadcrumbList\",\"@id\":\"https:\\\/\\\/salon-artshopping-expo.com\\\/presse\\\/#breadcrumb\",\"itemListElement\":[{\"@type\":\"ListItem\",\"position\":1,\"name\":\"Accueil\",\"item\":\"https:\\\/\\\/salon-artshopping-expo.com\\\/\"},{\"@type\":\"ListItem\",\"position\":2,\"name\":\"Presse\"}]},{\"@type\":\"WebSite\",\"@id\":\"https:\\\/\\\/salon-artshopping-expo.com\\\/#website\",\"url\":\"https:\\\/\\\/salon-artshopping-expo.com\\\/\",\"name\":\"\",\"description\":\"\",\"potentialAction\":[{\"@type\":\"SearchAction\",\"target\":{\"@type\":\"EntryPoint\",\"urlTemplate\":\"https:\\\/\\\/salon-artshopping-expo.com\\\/?s={search_term_string}\"},\"query-input\":{\"@type\":\"PropertyValueSpecification\",\"valueRequired\":true,\"valueName\":\"search_term_string\"}}],\"inLanguage\":\"en-GB\"}]}<\/script>\n<!-- \/ Yoast SEO plugin. -->","yoast_head_json":{"title":"Presse -","robots":{"index":"index","follow":"follow","max-snippet":"max-snippet:-1","max-image-preview":"max-image-preview:large","max-video-preview":"max-video-preview:-1"},"canonical":"https:\/\/salon-artshopping-expo.com\/en\/presse\/","og_locale":"en_GB","og_type":"article","og_title":"Presse -","og_description":"Art Shopping dans la presse Article Maison &amp; Jardin F\u00e9vrier 2026 &#8230; Aur\u00e9lie Le Moigne Maufroy, DIRECTRICE DES OP\u00c9RATIONS ART SHOPPING \u00ab L&rsquo;intelligence artificielle ne remplacera jamais les artistes. Mais elle est devenue un outil essentiel au service de leur cr\u00e9ativit\u00e9 \u00bb Du 10 au 12 avril prochain, le Carrousel du Louvre accueillera le c\u00e9l\u00e8bre &hellip;","og_url":"https:\/\/salon-artshopping-expo.com\/en\/presse\/","article_modified_time":"2026-05-07T09:44:30+00:00","twitter_card":"summary_large_image","twitter_misc":{"Estimated reading time":"2 minutes"},"schema":{"@context":"https:\/\/schema.org","@graph":[{"@type":"WebPage","@id":"https:\/\/salon-artshopping-expo.com\/presse\/","url":"https:\/\/salon-artshopping-expo.com\/presse\/","name":"Presse -","isPartOf":{"@id":"https:\/\/salon-artshopping-expo.com\/#website"},"datePublished":"2026-03-05T22:37:41+00:00","dateModified":"2026-05-07T09:44:30+00:00","breadcrumb":{"@id":"https:\/\/salon-artshopping-expo.com\/presse\/#breadcrumb"},"inLanguage":"en-GB","potentialAction":[{"@type":"ReadAction","target":["https:\/\/salon-artshopping-expo.com\/presse\/"]}]},{"@type":"BreadcrumbList","@id":"https:\/\/salon-artshopping-expo.com\/presse\/#breadcrumb","itemListElement":[{"@type":"ListItem","position":1,"name":"Accueil","item":"https:\/\/salon-artshopping-expo.com\/"},{"@type":"ListItem","position":2,"name":"Presse"}]},{"@type":"WebSite","@id":"https:\/\/salon-artshopping-expo.com\/#website","url":"https:\/\/salon-artshopping-expo.com\/","name":"","description":"","potentialAction":[{"@type":"SearchAction","target":{"@type":"EntryPoint","urlTemplate":"https:\/\/salon-artshopping-expo.com\/?s={search_term_string}"},"query-input":{"@type":"PropertyValueSpecification","valueRequired":true,"valueName":"search_term_string"}}],"inLanguage":"en-GB"}]}},"_links":{"self":[{"href":"https:\/\/salon-artshopping-expo.com\/en\/wp-json\/wp\/v2\/pages\/88","targetHints":{"allow":["GET"]}}],"collection":[{"href":"https:\/\/salon-artshopping-expo.com\/en\/wp-json\/wp\/v2\/pages"}],"about":[{"href":"https:\/\/salon-artshopping-expo.com\/en\/wp-json\/wp\/v2\/types\/page"}],"author":[{"embeddable":true,"href":"https:\/\/salon-artshopping-expo.com\/en\/wp-json\/wp\/v2\/users\/1"}],"replies":[{"embeddable":true,"href":"https:\/\/salon-artshopping-expo.com\/en\/wp-json\/wp\/v2\/comments?post=88"}],"version-history":[{"count":121,"href":"https:\/\/salon-artshopping-expo.com\/en\/wp-json\/wp\/v2\/pages\/88\/revisions"}],"predecessor-version":[{"id":1595,"href":"https:\/\/salon-artshopping-expo.com\/en\/wp-json\/wp\/v2\/pages\/88\/revisions\/1595"}],"wp:attachment":[{"href":"https:\/\/salon-artshopping-expo.com\/en\/wp-json\/wp\/v2\/media?parent=88"}],"curies":[{"name":"wp","href":"https:\/\/api.w.org\/{rel}","templated":true}]}}