{"id":79,"date":"2026-03-05T19:11:11","date_gmt":"2026-03-05T19:11:11","guid":{"rendered":"https:\/\/salon-artshopping-expo.com\/?page_id=79"},"modified":"2026-04-20T10:11:06","modified_gmt":"2026-04-20T10:11:06","slug":"infos-pratiques","status":"publish","type":"page","link":"https:\/\/salon-artshopping-expo.com\/en\/infos-pratiques\/","title":{"rendered":"Practical Information"},"content":{"rendered":"<div data-elementor-type=\"wp-page\" data-elementor-id=\"79\" class=\"elementor elementor-79\">\n\t\t\t\t<div class=\"elementor-element elementor-element-ae463dc e-flex e-con-boxed e-con e-parent\" data-id=\"ae463dc\" data-element_type=\"container\" data-e-type=\"container\">\n\t\t\t\t\t<div class=\"e-con-inner\">\n\t\t\t\t<div class=\"elementor-element elementor-element-9c8b4f4 elementor-position-inline-start elementor-widget__width-inherit elementor-view-default elementor-mobile-position-block-start elementor-widget elementor-widget-icon-box\" data-id=\"9c8b4f4\" data-element_type=\"widget\" data-e-type=\"widget\" data-widget_type=\"icon-box.default\">\n\t\t\t\t\t\t\t<div class=\"elementor-icon-box-wrapper\">\n\n\t\t\t\t\t\t<div class=\"elementor-icon-box-icon\">\n\t\t\t\t<span  class=\"elementor-icon\">\n\t\t\t\t<svg aria-hidden=\"true\" class=\"e-font-icon-svg e-fas-map-pin\" viewbox=\"0 0 288 512\" xmlns=\"http:\/\/www.w3.org\/2000\/svg\"><path d=\"M112 316.94v156.69l22.02 33.02c4.75 7.12 15.22 7.12 19.97 0L176 473.63V316.94c-10.39 1.92-21.06 3.06-32 3.06s-21.61-1.14-32-3.06zM144 0C64.47 0 0 64.47 0 144s64.47 144 144 144 144-64.47 144-144S223.53 0 144 0zm0 76c-37.5 0-68 30.5-68 68 0 6.62-5.38 12-12 12s-12-5.38-12-12c0-50.73 41.28-92 92-92 6.62 0 12 5.38 12 12s-5.38 12-12 12z\"><\/path><\/svg>\t\t\t\t<\/span>\n\t\t\t<\/div>\n\t\t\t\n\t\t\t\t\t\t<div class=\"elementor-icon-box-content\">\n\n\t\t\t\t\t\t\t\t\t<span class=\"elementor-icon-box-title\">\n\t\t\t\t\t\t<span  >\n\t\t\t\t\t\t\tLocation\t\t\t\t\t\t<\/span>\n\t\t\t\t\t<\/span>\n\t\t\t\t\n\t\t\t\t\t\t\t\t\t<p class=\"elementor-icon-box-description\">\n\t\t\t\t\t\tParis | Carrousel du Louvre (see the map below)\t\t\t\t\t<\/p>\n\t\t\t\t\n\t\t\t<\/div>\n\t\t\t\n\t\t<\/div>\n\t\t\t\t\t\t<\/div>\n\t\t\t\t<div class=\"elementor-element elementor-element-bf3f2de elementor-position-inline-start elementor-widget__width-inherit elementor-view-default elementor-mobile-position-block-start elementor-widget elementor-widget-icon-box\" data-id=\"bf3f2de\" data-element_type=\"widget\" data-e-type=\"widget\" data-widget_type=\"icon-box.default\">\n\t\t\t\t\t\t\t<div class=\"elementor-icon-box-wrapper\">\n\n\t\t\t\t\t\t<div class=\"elementor-icon-box-icon\">\n\t\t\t\t<span  class=\"elementor-icon\">\n\t\t\t\t<svg aria-hidden=\"true\" class=\"e-font-icon-svg e-far-calendar\" viewbox=\"0 0 448 512\" xmlns=\"http:\/\/www.w3.org\/2000\/svg\"><path d=\"M400 64h-48V12c0-6.6-5.4-12-12-12h-40c-6.6 0-12 5.4-12 12v52H160V12c0-6.6-5.4-12-12-12h-40c-6.6 0-12 5.4-12 12v52H48C21.5 64 0 85.5 0 112v352c0 26.5 21.5 48 48 48h352c26.5 0 48-21.5 48-48V112c0-26.5-21.5-48-48-48zm-6 400H54c-3.3 0-6-2.7-6-6V160h352v298c0 3.3-2.7 6-6 6z\"><\/path><\/svg>\t\t\t\t<\/span>\n\t\t\t<\/div>\n\t\t\t\n\t\t\t\t\t\t<div class=\"elementor-icon-box-content\">\n\n\t\t\t\t\t\t\t\t\t<span class=\"elementor-icon-box-title\">\n\t\t\t\t\t\t<span  >\n\t\t\t\t\t\t\tDates\t\t\t\t\t\t<\/span>\n\t\t\t\t\t<\/span>\n\t\t\t\t\n\t\t\t\t\t\t\t\t\t<p class=\"elementor-icon-box-description\">\n\t\t\t\t\t\tFriday 10 - Saturday 11 - Sunday 12 April 2026\t\t\t\t\t<\/p>\n\t\t\t\t\n\t\t\t<\/div>\n\t\t\t\n\t\t<\/div>\n\t\t\t\t\t\t<\/div>\n\t\t\t\t<div class=\"elementor-element elementor-element-ed51c76 elementor-position-inline-start elementor-widget__width-inherit elementor-view-default elementor-mobile-position-block-start elementor-widget elementor-widget-icon-box\" data-id=\"ed51c76\" data-element_type=\"widget\" data-e-type=\"widget\" data-widget_type=\"icon-box.default\">\n\t\t\t\t\t\t\t<div class=\"elementor-icon-box-wrapper\">\n\n\t\t\t\t\t\t<div class=\"elementor-icon-box-icon\">\n\t\t\t\t<span  class=\"elementor-icon\">\n\t\t\t\t<svg aria-hidden=\"true\" class=\"e-font-icon-svg e-far-clock\" viewbox=\"0 0 512 512\" xmlns=\"http:\/\/www.w3.org\/2000\/svg\"><path d=\"M256 8C119 8 8 119 8 256s111 248 248 248 248-111 248-248S393 8 256 8zm0 448c-110.5 0-200-89.5-200-200S145.5 56 256 56s200 89.5 200 200-89.5 200-200 200zm61.8-104.4l-84.9-61.7c-3.1-2.3-4.9-5.9-4.9-9.7V116c0-6.6 5.4-12 12-12h32c6.6 0 12 5.4 12 12v141.7l66.8 48.6c5.4 3.9 6.5 11.4 2.6 16.8L334.6 349c-3.9 5.3-11.4 6.5-16.8 2.6z\"><\/path><\/svg>\t\t\t\t<\/span>\n\t\t\t<\/div>\n\t\t\t\n\t\t\t\t\t\t<div class=\"elementor-icon-box-content\">\n\n\t\t\t\t\t\t\t\t\t<span class=\"elementor-icon-box-title\">\n\t\t\t\t\t\t<span  >\n\t\t\t\t\t\t\tSchedule\t\t\t\t\t\t<\/span>\n\t\t\t\t\t<\/span>\n\t\t\t\t\n\t\t\t\t\t\t\t\t\t<p class=\"elementor-icon-box-description\">\n\t\t\t\t\t\t<strong>Day 1<\/strong> : 19h-22h vernissage (only by invitation)<br>\n<strong>Day 2<\/strong> : 11h-20h<br>\n<strong>Day 3<\/strong> : 11am-7pm (last entries at 6:30pm)\t\t\t\t\t<\/p>\n\t\t\t\t\n\t\t\t<\/div>\n\t\t\t\n\t\t<\/div>\n\t\t\t\t\t\t<\/div>\n\t\t\t\t<div class=\"elementor-element elementor-element-c88e80b elementor-position-inline-start elementor-widget__width-inherit elementor-view-default elementor-mobile-position-block-start elementor-widget elementor-widget-icon-box\" data-id=\"c88e80b\" data-element_type=\"widget\" data-e-type=\"widget\" data-widget_type=\"icon-box.default\">\n\t\t\t\t\t\t\t<div class=\"elementor-icon-box-wrapper\">\n\n\t\t\t\t\t\t<div class=\"elementor-icon-box-icon\">\n\t\t\t\t<span  class=\"elementor-icon\">\n\t\t\t\t<svg aria-hidden=\"true\" class=\"e-font-icon-svg e-fas-car\" viewbox=\"0 0 512 512\" xmlns=\"http:\/\/www.w3.org\/2000\/svg\"><path d=\"M499.99 176h-59.87l-16.64-41.6C406.38 91.63 365.57 64 319.5 64h-127c-46.06 0-86.88 27.63-103.99 70.4L71.87 176H12.01C4.2 176-1.53 183.34.37 190.91l6 24C7.7 220.25 12.5 224 18.01 224h20.07C24.65 235.73 16 252.78 16 272v48c0 16.12 6.16 30.67 16 41.93V416c0 17.67 14.33 32 32 32h32c17.67 0 32-14.33 32-32v-32h256v32c0 17.67 14.33 32 32 32h32c17.67 0 32-14.33 32-32v-54.07c9.84-11.25 16-25.8 16-41.93v-48c0-19.22-8.65-36.27-22.07-48H494c5.51 0 10.31-3.75 11.64-9.09l6-24c1.89-7.57-3.84-14.91-11.65-14.91zm-352.06-17.83c7.29-18.22 24.94-30.17 44.57-30.17h127c19.63 0 37.28 11.95 44.57 30.17L384 208H128l19.93-49.83zM96 319.8c-19.2 0-32-12.76-32-31.9S76.8 256 96 256s48 28.71 48 47.85-28.8 15.95-48 15.95zm320 0c-19.2 0-48 3.19-48-15.95S396.8 256 416 256s32 12.76 32 31.9-12.8 31.9-32 31.9z\"><\/path><\/svg>\t\t\t\t<\/span>\n\t\t\t<\/div>\n\t\t\t\n\t\t\t\t\t\t<div class=\"elementor-icon-box-content\">\n\n\t\t\t\t\t\t\t\t\t<span class=\"elementor-icon-box-title\">\n\t\t\t\t\t\t<span  >\n\t\t\t\t\t\t\tHow to get here?\t\t\t\t\t\t<\/span>\n\t\t\t\t\t<\/span>\n\t\t\t\t\n\t\t\t\t\t\t\t\t\t<p class=\"elementor-icon-box-description\">\n\t\t\t\t\t\t<p style=\", didact-gothic, Verdana, sans-serif;font-size: medium\"><strong>By metro :<\/strong>&nbsp;Ligne 1 (La D\u00e9fense \u2013 Ch\u00e2teau de Vincennes) et Ligne 7 (La Courneuve \u2013 Mairie d\u2019Ivry \/ Villejuif). Arr\u00eat \"Palais Royal \u2013 Mus\u00e9e du Louvre\", sortie \"Carrousel du Louvre\".<\/p><p style=\", didact-gothic, Verdana, sans-serif;font-size: medium\"><strong>By bus :<\/strong>&nbsp;Lignes 21, 27, 39, 48, 67, 68, 69, 72, 81, 95, arr\u00eats \"Palais Royal \u2013 Mus\u00e9e du Louvre\" ou \"Palais Royal \u2013 Com\u00e9die Fran\u00e7aise\" ou \"Mus\u00e9e du Louvre\".<\/p><p style=\", didact-gothic, Verdana, sans-serif;font-size: medium\"><strong>By car :<\/strong>&nbsp;le \"Parc Carrousel Louvre\" est accessible via l\u2019avenue du G\u00e9n\u00e9ral Lemonnier, 75001 Paris.<\/p><ul style=\", didact-gothic, Verdana, sans-serif;font-size: medium\"><li>From Rue de Rivoli: turn left at the traffic light at Place des Pyramides<\/li><li>From the Quai des Tuileries: turn left at the traffic light at Pont-Royal<\/li><li>From Pont-Royal: go straight ahead toward \u201cOp\u00e9ra,\u201d then keep to the right.<\/li><\/ul><br><span style=\", didact-gothic, Verdana, sans-serif;font-size: medium\">From any of these three directions, enter the tunnel and follow the central ramp marked \u201cParc Carrousel Louvre.\u201d<\/span>\t\t\t\t\t<\/p>\n\t\t\t\t\n\t\t\t<\/div>\n\t\t\t\n\t\t<\/div>\n\t\t\t\t\t\t<\/div>\n\t\t\t\t\t<\/div>\n\t\t\t\t<\/div>\n\t\t<div class=\"elementor-element elementor-element-c54320e e-flex e-con-boxed e-con e-parent\" data-id=\"c54320e\" data-element_type=\"container\" data-e-type=\"container\">\n\t\t\t\t\t<div class=\"e-con-inner\">\n\t\t\t\t<div class=\"elementor-element elementor-element-33046b4 elementor-widget elementor-widget-google_maps\" data-id=\"33046b4\" data-element_type=\"widget\" data-e-type=\"widget\" data-widget_type=\"google_maps.default\">\n\t\t\t\t\t\t\t<div class=\"elementor-custom-embed\">\n\t\t\t<iframe loading=\"lazy\"\n\t\t\t\t\tsrc=\"https:\/\/maps.google.com\/maps?q=paris%20carrousel%20louvre&#038;t=m&#038;z=15&#038;output=embed&#038;iwloc=near\"\n\t\t\t\t\ttitle=\"paris carrousel louvre\"\n\t\t\t\t\taria-label=\"paris carrousel louvre\"\n\t\t\t><\/iframe>\n\t\t<\/div>\n\t\t\t\t\t\t<\/div>\n\t\t\t\t\t<\/div>\n\t\t\t\t<\/div>\n\t\t\t\t<\/div>","protected":false},"excerpt":{"rendered":"<p>Lieu Paris | Carrousel du Louvre (voir le plan ci-dessous) Dates Vendredi 10 &#8211; Samedi 11 &#8211; Dimanche 12 avril 2026 Horaires 1e jour : 19h-22h vernissage (uniquement sur invitation) 2e jour : 11h-20h 3e jour : 11h-19h (derni\u00e8res entr\u00e9es \u00e0 18h30) Comment venir ?\u200b En M\u00e9tro :&nbsp;Ligne 1 (La D\u00e9fense \u2013 Ch\u00e2teau de Vincennes) &hellip; <\/p>","protected":false},"author":1,"featured_media":0,"parent":0,"menu_order":0,"comment_status":"closed","ping_status":"closed","template":"elementor_header_footer","meta":{"footnotes":""},"class_list":["post-79","page","type-page","status-publish","hentry","latest_post"],"yoast_head":"<!-- This site is optimized with the Yoast SEO plugin v27.6 - https:\/\/yoast.com\/product\/yoast-seo-wordpress\/ -->\n<title>Infos Pratiques -<\/title>\n<meta name=\"robots\" content=\"index, follow, max-snippet:-1, max-image-preview:large, max-video-preview:-1\" \/>\n<link rel=\"canonical\" href=\"https:\/\/salon-artshopping-expo.com\/en\/infos-pratiques\/\" \/>\n<meta property=\"og:locale\" content=\"en_GB\" \/>\n<meta property=\"og:type\" content=\"article\" \/>\n<meta property=\"og:title\" content=\"Infos Pratiques -\" \/>\n<meta property=\"og:description\" content=\"Lieu Paris | Carrousel du Louvre (voir le plan ci-dessous) Dates Vendredi 10 &#8211; Samedi 11 &#8211; Dimanche 12 avril 2026 Horaires 1e jour : 19h-22h vernissage (uniquement sur invitation) 2e jour : 11h-20h 3e jour : 11h-19h (derni\u00e8res entr\u00e9es \u00e0 18h30) Comment venir ?\u200b En M\u00e9tro :&nbsp;Ligne 1 (La D\u00e9fense \u2013 Ch\u00e2teau de Vincennes) &hellip;\" \/>\n<meta property=\"og:url\" content=\"https:\/\/salon-artshopping-expo.com\/en\/infos-pratiques\/\" \/>\n<meta property=\"article:modified_time\" content=\"2026-04-20T10:11:06+00:00\" \/>\n<meta name=\"twitter:card\" content=\"summary_large_image\" \/>\n<meta name=\"twitter:label1\" content=\"Estimated reading time\" \/>\n\t<meta name=\"twitter:data1\" content=\"1 minute\" \/>\n<script type=\"application\/ld+json\" class=\"yoast-schema-graph\">{\"@context\":\"https:\\\/\\\/schema.org\",\"@graph\":[{\"@type\":\"WebPage\",\"@id\":\"https:\\\/\\\/salon-artshopping-expo.com\\\/infos-pratiques\\\/\",\"url\":\"https:\\\/\\\/salon-artshopping-expo.com\\\/infos-pratiques\\\/\",\"name\":\"Infos Pratiques -\",\"isPartOf\":{\"@id\":\"https:\\\/\\\/salon-artshopping-expo.com\\\/#website\"},\"datePublished\":\"2026-03-05T19:11:11+00:00\",\"dateModified\":\"2026-04-20T10:11:06+00:00\",\"breadcrumb\":{\"@id\":\"https:\\\/\\\/salon-artshopping-expo.com\\\/infos-pratiques\\\/#breadcrumb\"},\"inLanguage\":\"en-GB\",\"potentialAction\":[{\"@type\":\"ReadAction\",\"target\":[\"https:\\\/\\\/salon-artshopping-expo.com\\\/infos-pratiques\\\/\"]}]},{\"@type\":\"BreadcrumbList\",\"@id\":\"https:\\\/\\\/salon-artshopping-expo.com\\\/infos-pratiques\\\/#breadcrumb\",\"itemListElement\":[{\"@type\":\"ListItem\",\"position\":1,\"name\":\"Accueil\",\"item\":\"https:\\\/\\\/salon-artshopping-expo.com\\\/\"},{\"@type\":\"ListItem\",\"position\":2,\"name\":\"Infos Pratiques\"}]},{\"@type\":\"WebSite\",\"@id\":\"https:\\\/\\\/salon-artshopping-expo.com\\\/#website\",\"url\":\"https:\\\/\\\/salon-artshopping-expo.com\\\/\",\"name\":\"\",\"description\":\"\",\"potentialAction\":[{\"@type\":\"SearchAction\",\"target\":{\"@type\":\"EntryPoint\",\"urlTemplate\":\"https:\\\/\\\/salon-artshopping-expo.com\\\/?s={search_term_string}\"},\"query-input\":{\"@type\":\"PropertyValueSpecification\",\"valueRequired\":true,\"valueName\":\"search_term_string\"}}],\"inLanguage\":\"en-GB\"}]}<\/script>\n<!-- \/ Yoast SEO plugin. -->","yoast_head_json":{"title":"Infos Pratiques -","robots":{"index":"index","follow":"follow","max-snippet":"max-snippet:-1","max-image-preview":"max-image-preview:large","max-video-preview":"max-video-preview:-1"},"canonical":"https:\/\/salon-artshopping-expo.com\/en\/infos-pratiques\/","og_locale":"en_GB","og_type":"article","og_title":"Infos Pratiques -","og_description":"Lieu Paris | Carrousel du Louvre (voir le plan ci-dessous) Dates Vendredi 10 &#8211; Samedi 11 &#8211; Dimanche 12 avril 2026 Horaires 1e jour : 19h-22h vernissage (uniquement sur invitation) 2e jour : 11h-20h 3e jour : 11h-19h (derni\u00e8res entr\u00e9es \u00e0 18h30) Comment venir ?\u200b En M\u00e9tro :&nbsp;Ligne 1 (La D\u00e9fense \u2013 Ch\u00e2teau de Vincennes) &hellip;","og_url":"https:\/\/salon-artshopping-expo.com\/en\/infos-pratiques\/","article_modified_time":"2026-04-20T10:11:06+00:00","twitter_card":"summary_large_image","twitter_misc":{"Estimated reading time":"1 minute"},"schema":{"@context":"https:\/\/schema.org","@graph":[{"@type":"WebPage","@id":"https:\/\/salon-artshopping-expo.com\/infos-pratiques\/","url":"https:\/\/salon-artshopping-expo.com\/infos-pratiques\/","name":"Infos Pratiques -","isPartOf":{"@id":"https:\/\/salon-artshopping-expo.com\/#website"},"datePublished":"2026-03-05T19:11:11+00:00","dateModified":"2026-04-20T10:11:06+00:00","breadcrumb":{"@id":"https:\/\/salon-artshopping-expo.com\/infos-pratiques\/#breadcrumb"},"inLanguage":"en-GB","potentialAction":[{"@type":"ReadAction","target":["https:\/\/salon-artshopping-expo.com\/infos-pratiques\/"]}]},{"@type":"BreadcrumbList","@id":"https:\/\/salon-artshopping-expo.com\/infos-pratiques\/#breadcrumb","itemListElement":[{"@type":"ListItem","position":1,"name":"Accueil","item":"https:\/\/salon-artshopping-expo.com\/"},{"@type":"ListItem","position":2,"name":"Infos Pratiques"}]},{"@type":"WebSite","@id":"https:\/\/salon-artshopping-expo.com\/#website","url":"https:\/\/salon-artshopping-expo.com\/","name":"","description":"","potentialAction":[{"@type":"SearchAction","target":{"@type":"EntryPoint","urlTemplate":"https:\/\/salon-artshopping-expo.com\/?s={search_term_string}"},"query-input":{"@type":"PropertyValueSpecification","valueRequired":true,"valueName":"search_term_string"}}],"inLanguage":"en-GB"}]}},"_links":{"self":[{"href":"https:\/\/salon-artshopping-expo.com\/en\/wp-json\/wp\/v2\/pages\/79","targetHints":{"allow":["GET"]}}],"collection":[{"href":"https:\/\/salon-artshopping-expo.com\/en\/wp-json\/wp\/v2\/pages"}],"about":[{"href":"https:\/\/salon-artshopping-expo.com\/en\/wp-json\/wp\/v2\/types\/page"}],"author":[{"embeddable":true,"href":"https:\/\/salon-artshopping-expo.com\/en\/wp-json\/wp\/v2\/users\/1"}],"replies":[{"embeddable":true,"href":"https:\/\/salon-artshopping-expo.com\/en\/wp-json\/wp\/v2\/comments?post=79"}],"version-history":[{"count":25,"href":"https:\/\/salon-artshopping-expo.com\/en\/wp-json\/wp\/v2\/pages\/79\/revisions"}],"predecessor-version":[{"id":929,"href":"https:\/\/salon-artshopping-expo.com\/en\/wp-json\/wp\/v2\/pages\/79\/revisions\/929"}],"wp:attachment":[{"href":"https:\/\/salon-artshopping-expo.com\/en\/wp-json\/wp\/v2\/media?parent=79"}],"curies":[{"name":"wp","href":"https:\/\/api.w.org\/{rel}","templated":true}]}}