{"id":187,"date":"2026-03-11T19:48:59","date_gmt":"2026-03-11T19:48:59","guid":{"rendered":"https:\/\/salon-artshopping-expo.com\/?page_id=187"},"modified":"2026-04-15T09:37:42","modified_gmt":"2026-04-15T09:37:42","slug":"demande-dinformations-pour-exposer","status":"publish","type":"page","link":"https:\/\/salon-artshopping-expo.com\/en\/demande-dinformations-pour-exposer\/","title":{"rendered":"Exhibit"},"content":{"rendered":"\t\t<div data-elementor-type=\"wp-page\" data-elementor-id=\"187\" class=\"elementor elementor-187\">\n\t\t\t\t<div class=\"elementor-element elementor-element-f817465 e-flex e-con-boxed e-con e-parent\" data-id=\"f817465\" data-element_type=\"container\" data-e-type=\"container\">\n\t\t\t\t\t<div class=\"e-con-inner\">\n\t\t\t\t<div class=\"elementor-element elementor-element-4a26090 elementor-widget elementor-widget-text-editor\" data-id=\"4a26090\" data-element_type=\"widget\" data-e-type=\"widget\" data-widget_type=\"text-editor.default\">\n\t\t\t\t\t\t\t\t\t<p><strong>Art Shopping est une opportunit\u00e9 unique pour :<\/strong><\/p><p>&#8211; Vous r\u00e9v\u00e9ler au grand public<br \/>&#8211; Vendre vos \u0153uvres sans aucun interm\u00e9diaire<br \/>&#8211; Vous cr\u00e9er une base de contacts (amateurs d\u2019art, collectionneurs, galeries,&#8230;)<br \/>&#8211; Vous garantir la visibilit\u00e9 de vos \u0153uvres et les retomb\u00e9es post-salon<\/p>\t\t\t\t\t\t\t\t<\/div>\n\t\t\t\t\t<\/div>\n\t\t\t\t<\/div>\n\t\t<div class=\"elementor-element elementor-element-62e1dd7 e-flex e-con-boxed e-con e-parent\" data-id=\"62e1dd7\" data-element_type=\"container\" data-e-type=\"container\">\n\t\t\t\t\t<div class=\"e-con-inner\">\n\t\t\t\t<div class=\"elementor-element elementor-element-a639147 elementor-widget elementor-widget-text-editor\" data-id=\"a639147\" data-element_type=\"widget\" data-e-type=\"widget\" data-widget_type=\"text-editor.default\">\n\t\t\t\t\t\t\t\t\t<h3><strong style=\"color: #ec008c; font-family: Muli, 'Century Gothic', didact-gothic, Verdana, sans-serif; font-size: medium;\">Envoyez nous votre candidature pour le prochain salon Art Shopping !<\/strong><\/h3>\t\t\t\t\t\t\t\t<\/div>\n\t\t\t\t\t<\/div>\n\t\t\t\t<\/div>\n\t\t<div class=\"elementor-element elementor-element-2f733c7 e-flex e-con-boxed e-con e-parent\" data-id=\"2f733c7\" data-element_type=\"container\" data-e-type=\"container\">\n\t\t\t\t\t<div class=\"e-con-inner\">\n\t\t\t\t<div class=\"elementor-element elementor-element-92422a2 elementor-widget elementor-widget-wpforms\" data-id=\"92422a2\" data-element_type=\"widget\" data-e-type=\"widget\" data-widget_type=\"wpforms.default\">\n\t\t\t\t<div class=\"elementor-widget-container\">\n\t\t\t\t\t<style id=\"wpforms-css-vars-elementor-widget-92422a2\">\n\t\t\t\t.elementor-widget-wpforms.elementor-element-92422a2 {\n\t\t\t\t--wpforms-field-border-color: #bfbdc1;\n--wpforms-field-border-color-spare: #bfbdc1;\n--wpforms-field-text-color: #333135;\n--wpforms-label-color: #333135;\n--wpforms-label-sublabel-color: #807b84;\n--wpforms-label-error-color: #d63636;\n--wpforms-button-background-color: #9864c0;\n--wpforms-button-border-color: #9864c0;\n--wpforms-button-text-color: #f5eff9;\n--wpforms-page-break-color: #9864c0;\n\t\t\t}\n\t\t\t<\/style><div class=\"wpforms-container wpforms-container-full wpforms-render-modern\" id=\"wpforms-176\"><form id=\"wpforms-form-176\" class=\"wpforms-validate wpforms-form wpforms-ajax-form\" data-formid=\"176\" method=\"post\" enctype=\"multipart\/form-data\" action=\"\/en\/wp-json\/wp\/v2\/pages\/187\" data-token=\"13e8502bfd28faa9ae14e6977ba8c510\" data-token-time=\"1778693616\"><noscript class=\"wpforms-error-noscript\">Please enable JavaScript in your browser to complete this form.<\/noscript><div id=\"wpforms-error-noscript\" style=\"display: none;\">Please enable JavaScript in your browser to complete this form.<\/div><div class=\"wpforms-field-container\"><div id=\"wpforms-176-field_1-container\" class=\"wpforms-field wpforms-field-select wpforms-field-select-style-classic\" data-field-id=\"1\"><label class=\"wpforms-field-label\" for=\"wpforms-176-field_1\">Vous \u00eates \/ You are <span class=\"wpforms-required-label\" aria-hidden=\"true\">*<\/span><\/label><select id=\"wpforms-176-field_1\" class=\"wpforms-field-large wpforms-field-required\" name=\"wpforms[fields][1]\" required=\"required\"><option value=\"\" class=\"placeholder\" disabled  selected='selected'>--- S\u00e9lectionner un choix ---<\/option><option value=\"Artiste \/ Artist solo show\"  class=\"choice-1 depth-1\"  >Artiste \/ Artist solo show<\/option><option value=\"Galerie \/ Gallery\"  class=\"choice-2 depth-1\"  >Galerie \/ Gallery<\/option><option value=\"Galerie de collectif d&#039;artistes (structure \u00e0 adh\u00e9sion) \/ Gallery Member-Based Art Collective\"  class=\"choice-3 depth-1\"  >Galerie de collectif d'artistes (structure \u00e0 adh\u00e9sion) \/ Gallery Member-Based Art Collective<\/option><\/select><\/div><div id=\"wpforms-176-field_2-container\" class=\"wpforms-field wpforms-field-text\" data-field-id=\"2\"><label class=\"wpforms-field-label\" for=\"wpforms-176-field_2\">Nom \/ Last Name <span class=\"wpforms-required-label\" aria-hidden=\"true\">*<\/span><\/label><input type=\"text\" id=\"wpforms-176-field_2\" class=\"wpforms-field-large wpforms-field-required\" name=\"wpforms[fields][2]\" aria-errormessage=\"wpforms-176-field_2-error\" required><\/div><div id=\"wpforms-176-field_3-container\" class=\"wpforms-field wpforms-field-text\" data-field-id=\"3\"><label class=\"wpforms-field-label\" for=\"wpforms-176-field_3\">Pr\u00e9nom \/ First Name <span class=\"wpforms-required-label\" aria-hidden=\"true\">*<\/span><\/label><input type=\"text\" id=\"wpforms-176-field_3\" class=\"wpforms-field-large wpforms-field-required\" name=\"wpforms[fields][3]\" aria-errormessage=\"wpforms-176-field_3-error\" required><\/div><div id=\"wpforms-176-field_4-container\" class=\"wpforms-field wpforms-field-phone\" data-field-id=\"4\"><label class=\"wpforms-field-label\" for=\"wpforms-176-field_4\">Mobile <span class=\"wpforms-required-label\" aria-hidden=\"true\">*<\/span><\/label><input type=\"tel\" id=\"wpforms-176-field_4\" class=\"wpforms-field-medium wpforms-field-required\" data-rule-int-phone-field=\"true\" name=\"wpforms[fields][4]\" aria-label=\"Mobile\" aria-errormessage=\"wpforms-176-field_4-error\" required><\/div><div id=\"wpforms-176-field_8-container\" class=\"wpforms-field wpforms-field-text\" data-field-id=\"8\"><label class=\"wpforms-field-label\" for=\"wpforms-176-field_8\">Discipline<\/label><input type=\"text\" id=\"wpforms-176-field_8\" class=\"wpforms-field-large\" name=\"wpforms[fields][8]\" aria-errormessage=\"wpforms-176-field_8-error\" ><\/div><div id=\"wpforms-176-field_9-container\" class=\"wpforms-field wpforms-field-email\" data-field-id=\"9\"><label class=\"wpforms-field-label\" for=\"wpforms-176-field_9\">E-mail <span class=\"wpforms-required-label\" aria-hidden=\"true\">*<\/span><\/label><input type=\"email\" id=\"wpforms-176-field_9\" class=\"wpforms-field-large wpforms-field-required\" name=\"wpforms[fields][9]\" spellcheck=\"false\" aria-errormessage=\"wpforms-176-field_9-error\" required><\/div><div id=\"wpforms-176-field_10-container\" class=\"wpforms-field wpforms-field-text\" data-field-id=\"10\"><label class=\"wpforms-field-label\" for=\"wpforms-176-field_10\">Website, link or social media <span class=\"wpforms-required-label\" aria-hidden=\"true\">*<\/span><\/label><input type=\"text\" id=\"wpforms-176-field_10\" class=\"wpforms-field-large wpforms-field-required\" name=\"wpforms[fields][10]\" aria-errormessage=\"wpforms-176-field_10-error\" required><\/div><div id=\"wpforms-176-field_12-container\" class=\"wpforms-field wpforms-field-checkbox\" data-field-id=\"12\"><fieldset><legend class=\"wpforms-field-label\">Planning Art Shopping<\/legend><ul id=\"wpforms-176-field_12\"><li class=\"choice-2 depth-1\"><input type=\"checkbox\" id=\"wpforms-176-field_12_2\" name=\"wpforms[fields][12][]\" value=\"Art Shopping Paris - Carrousel du Louvre \u2013 23 au 25 octobre 2026\" aria-errormessage=\"wpforms-176-field_12_2-error\"  ><label class=\"wpforms-field-label-inline\" for=\"wpforms-176-field_12_2\">Art Shopping Paris - Carrousel du Louvre \u2013 23 au 25 octobre 2026<\/label><\/li><li class=\"choice-3 depth-1\"><input type=\"checkbox\" id=\"wpforms-176-field_12_3\" name=\"wpforms[fields][12][]\" value=\"Art Shopping Paris - Carrousel du Louvre - 2 au 4 avril 2027\" aria-errormessage=\"wpforms-176-field_12_3-error\"  ><label class=\"wpforms-field-label-inline\" for=\"wpforms-176-field_12_3\">Art Shopping Paris - Carrousel du Louvre - 2 au 4 avril 2027<\/label><\/li><\/ul><\/fieldset><\/div>\t\t<div id=\"wpforms-176-field_5-container\"\n\t\t\tclass=\"wpforms-field wpforms-field-text\"\n\t\t\tdata-field-type=\"text\"\n\t\t\tdata-field-id=\"5\"\n\t\t\t>\n\t\t\t<label class=\"wpforms-field-label\" for=\"wpforms-176-field_5\" >Last are Planning<\/label>\n\t\t\t<input type=\"text\" id=\"wpforms-176-field_5\" class=\"wpforms-field-medium\" name=\"wpforms[fields][5]\" >\n\t\t<\/div>\n\t\t<div id=\"wpforms-176-field_11-container\" class=\"wpforms-field wpforms-field-captcha\" data-field-id=\"11\"><label class=\"wpforms-field-label\" for=\"wpforms-176-field_11\">CAPTCHA personnalis\u00e9 <span class=\"wpforms-required-label\" aria-hidden=\"true\">*<\/span><\/label><p id=\"wpforms-176-field_11-question\" class=\"wpforms-captcha-question\">Combien font 7\u00a0+\u00a04\u00a0? \/  How much is 7 + 4 ? <\/p>\n\t\t<input type=\"text\" id=\"wpforms-176-field_11\" class=\"wpforms-field-small wpforms-field-required a\" data-rule-wpf-captcha=\"qa\" data-is-wrapped-field=\"1\" data-a=\"11\" name=\"wpforms[fields][11][a]\" aria-errormessage=\"wpforms-176-field_11-error\" aria-describedby=\"wpforms-176-field_11-question\" required>\n\t\t<input type=\"hidden\" name=\"wpforms[fields][11][q]\" value=\"1\">\n\n\t\t<\/div><script>\n\t\t\t\t( function() {\n\t\t\t\t\tconst style = document.createElement( 'style' );\n\t\t\t\t\tstyle.appendChild( document.createTextNode( '#wpforms-176-field_5-container { position: absolute !important; overflow: hidden !important; display: inline !important; height: 1px !important; width: 1px !important; z-index: -1000 !important; padding: 0 !important; } #wpforms-176-field_5-container input { visibility: hidden; } #wpforms-conversational-form-page #wpforms-176-field_5-container label { counter-increment: none; }' ) );\n\t\t\t\t\tdocument.head.appendChild( style );\n\t\t\t\t\tdocument.currentScript?.remove();\n\t\t\t\t} )();\n\t\t\t<\/script><\/div><!-- .wpforms-field-container --><div class=\"wpforms-submit-container\" ><input type=\"hidden\" name=\"wpforms[id]\" value=\"176\"><input type=\"hidden\" name=\"page_title\" value=\"\"><input type=\"hidden\" name=\"page_url\" value=\"https:\/\/salon-artshopping-expo.com\/en\/wp-json\/wp\/v2\/pages\/187\"><input type=\"hidden\" name=\"url_referer\" value=\"\"><button type=\"submit\" name=\"wpforms[submit]\" id=\"wpforms-submit-176\" class=\"wpforms-submit\" data-alt-text=\"Envoi...\" data-submit-text=\"Envoyer\" aria-live=\"assertive\" value=\"wpforms-submit\">Envoyer<\/button><img decoding=\"async\" src=\"data:image\/gif;base64,R0lGODlhAQABAAAAACH5BAEKAAEALAAAAAABAAEAAAICTAEAOw==\" data-layzr=\"https:\/\/salon-artshopping-expo.com\/wp-content\/plugins\/wpforms\/assets\/images\/submit-spin.svg\" class=\"wpforms-submit-spinner\" style=\"display: none;\" width=\"26\" height=\"26\" alt=\"Loading\"><\/div><\/form><\/div>  <!-- .wpforms-container -->\t\t\t\t<\/div>\n\t\t\t\t<\/div>\n\t\t\t\t\t<\/div>\n\t\t\t\t<\/div>\n\t\t<div class=\"elementor-element elementor-element-fc0305a e-flex e-con-boxed e-con e-parent\" data-id=\"fc0305a\" data-element_type=\"container\" data-e-type=\"container\">\n\t\t\t\t\t<div class=\"e-con-inner\">\n\t\t\t\t<div class=\"elementor-element elementor-element-2723653 elementor-widget elementor-widget-text-editor\" data-id=\"2723653\" data-element_type=\"widget\" data-e-type=\"widget\" data-widget_type=\"text-editor.default\">\n\t\t\t\t\t\t\t\t\t<p><em style=\"color: #000000; font-family: Muli, 'Century Gothic', didact-gothic, Verdana, sans-serif; font-size: 13px;\">Nous revenons vers vous sous 48h apr\u00e8s validation du comit\u00e9 de s\u00e9lection Art Shopping<\/em><\/p>\t\t\t\t\t\t\t\t<\/div>\n\t\t\t\t\t<\/div>\n\t\t\t\t<\/div>\n\t\t\t\t<\/div>\n\t\t","protected":false},"excerpt":{"rendered":"<p>Art Shopping est une opportunit\u00e9 unique pour : &#8211; Vous r\u00e9v\u00e9ler au grand public&#8211; Vendre vos \u0153uvres sans aucun interm\u00e9diaire&#8211; Vous cr\u00e9er une base de contacts (amateurs d\u2019art, collectionneurs, galeries,&#8230;)&#8211; Vous garantir la visibilit\u00e9 de vos \u0153uvres et les retomb\u00e9es post-salon Envoyez nous votre candidature pour le prochain salon Art Shopping ! Veuillez activer JavaScript &hellip; <\/p>","protected":false},"author":1,"featured_media":0,"parent":0,"menu_order":0,"comment_status":"closed","ping_status":"closed","template":"elementor_header_footer","meta":{"footnotes":""},"class_list":["post-187","page","type-page","status-publish","hentry","latest_post"],"yoast_head":"<!-- This site is optimized with the Yoast SEO plugin v27.6 - https:\/\/yoast.com\/product\/yoast-seo-wordpress\/ -->\n<title>Exposer -<\/title>\n<meta name=\"robots\" content=\"index, follow, max-snippet:-1, max-image-preview:large, max-video-preview:-1\" \/>\n<link rel=\"canonical\" href=\"https:\/\/salon-artshopping-expo.com\/en\/demande-dinformations-pour-exposer\/\" \/>\n<meta property=\"og:locale\" content=\"en_GB\" \/>\n<meta property=\"og:type\" content=\"article\" \/>\n<meta property=\"og:title\" content=\"Exposer -\" \/>\n<meta property=\"og:description\" content=\"Art Shopping est une opportunit\u00e9 unique pour : &#8211; Vous r\u00e9v\u00e9ler au grand public&#8211; Vendre vos \u0153uvres sans aucun interm\u00e9diaire&#8211; Vous cr\u00e9er une base de contacts (amateurs d\u2019art, collectionneurs, galeries,&#8230;)&#8211; Vous garantir la visibilit\u00e9 de vos \u0153uvres et les retomb\u00e9es post-salon Envoyez nous votre candidature pour le prochain salon Art Shopping ! Veuillez activer JavaScript &hellip;\" \/>\n<meta property=\"og:url\" content=\"https:\/\/salon-artshopping-expo.com\/en\/demande-dinformations-pour-exposer\/\" \/>\n<meta property=\"article:modified_time\" content=\"2026-04-15T09:37:42+00:00\" \/>\n<meta property=\"og:image\" content=\"https:\/\/salon-artshopping-expo.com\/wp-content\/plugins\/wpforms\/assets\/images\/submit-spin.svg\" \/>\n<meta name=\"twitter:card\" content=\"summary_large_image\" \/>\n<meta name=\"twitter:label1\" content=\"Estimated reading time\" \/>\n\t<meta name=\"twitter:data1\" content=\"1 minute\" \/>\n<script type=\"application\/ld+json\" class=\"yoast-schema-graph\">{\"@context\":\"https:\\\/\\\/schema.org\",\"@graph\":[{\"@type\":\"WebPage\",\"@id\":\"https:\\\/\\\/salon-artshopping-expo.com\\\/demande-dinformations-pour-exposer\\\/\",\"url\":\"https:\\\/\\\/salon-artshopping-expo.com\\\/demande-dinformations-pour-exposer\\\/\",\"name\":\"Exposer -\",\"isPartOf\":{\"@id\":\"https:\\\/\\\/salon-artshopping-expo.com\\\/#website\"},\"primaryImageOfPage\":{\"@id\":\"https:\\\/\\\/salon-artshopping-expo.com\\\/demande-dinformations-pour-exposer\\\/#primaryimage\"},\"image\":{\"@id\":\"https:\\\/\\\/salon-artshopping-expo.com\\\/demande-dinformations-pour-exposer\\\/#primaryimage\"},\"thumbnailUrl\":\"https:\\\/\\\/salon-artshopping-expo.com\\\/wp-content\\\/plugins\\\/wpforms\\\/assets\\\/images\\\/submit-spin.svg\",\"datePublished\":\"2026-03-11T19:48:59+00:00\",\"dateModified\":\"2026-04-15T09:37:42+00:00\",\"breadcrumb\":{\"@id\":\"https:\\\/\\\/salon-artshopping-expo.com\\\/demande-dinformations-pour-exposer\\\/#breadcrumb\"},\"inLanguage\":\"en-GB\",\"potentialAction\":[{\"@type\":\"ReadAction\",\"target\":[\"https:\\\/\\\/salon-artshopping-expo.com\\\/demande-dinformations-pour-exposer\\\/\"]}]},{\"@type\":\"ImageObject\",\"inLanguage\":\"en-GB\",\"@id\":\"https:\\\/\\\/salon-artshopping-expo.com\\\/demande-dinformations-pour-exposer\\\/#primaryimage\",\"url\":\"https:\\\/\\\/salon-artshopping-expo.com\\\/wp-content\\\/plugins\\\/wpforms\\\/assets\\\/images\\\/submit-spin.svg\",\"contentUrl\":\"https:\\\/\\\/salon-artshopping-expo.com\\\/wp-content\\\/plugins\\\/wpforms\\\/assets\\\/images\\\/submit-spin.svg\"},{\"@type\":\"BreadcrumbList\",\"@id\":\"https:\\\/\\\/salon-artshopping-expo.com\\\/demande-dinformations-pour-exposer\\\/#breadcrumb\",\"itemListElement\":[{\"@type\":\"ListItem\",\"position\":1,\"name\":\"Accueil\",\"item\":\"https:\\\/\\\/salon-artshopping-expo.com\\\/\"},{\"@type\":\"ListItem\",\"position\":2,\"name\":\"Exposer\"}]},{\"@type\":\"WebSite\",\"@id\":\"https:\\\/\\\/salon-artshopping-expo.com\\\/#website\",\"url\":\"https:\\\/\\\/salon-artshopping-expo.com\\\/\",\"name\":\"\",\"description\":\"\",\"potentialAction\":[{\"@type\":\"SearchAction\",\"target\":{\"@type\":\"EntryPoint\",\"urlTemplate\":\"https:\\\/\\\/salon-artshopping-expo.com\\\/?s={search_term_string}\"},\"query-input\":{\"@type\":\"PropertyValueSpecification\",\"valueRequired\":true,\"valueName\":\"search_term_string\"}}],\"inLanguage\":\"en-GB\"}]}<\/script>\n<!-- \/ Yoast SEO plugin. -->","yoast_head_json":{"title":"Exposer -","robots":{"index":"index","follow":"follow","max-snippet":"max-snippet:-1","max-image-preview":"max-image-preview:large","max-video-preview":"max-video-preview:-1"},"canonical":"https:\/\/salon-artshopping-expo.com\/en\/demande-dinformations-pour-exposer\/","og_locale":"en_GB","og_type":"article","og_title":"Exposer -","og_description":"Art Shopping est une opportunit\u00e9 unique pour : &#8211; Vous r\u00e9v\u00e9ler au grand public&#8211; Vendre vos \u0153uvres sans aucun interm\u00e9diaire&#8211; Vous cr\u00e9er une base de contacts (amateurs d\u2019art, collectionneurs, galeries,&#8230;)&#8211; Vous garantir la visibilit\u00e9 de vos \u0153uvres et les retomb\u00e9es post-salon Envoyez nous votre candidature pour le prochain salon Art Shopping ! Veuillez activer JavaScript &hellip;","og_url":"https:\/\/salon-artshopping-expo.com\/en\/demande-dinformations-pour-exposer\/","article_modified_time":"2026-04-15T09:37:42+00:00","og_image":[{"url":"https:\/\/salon-artshopping-expo.com\/wp-content\/plugins\/wpforms\/assets\/images\/submit-spin.svg","type":"","width":"","height":""}],"twitter_card":"summary_large_image","twitter_misc":{"Estimated reading time":"1 minute"},"schema":{"@context":"https:\/\/schema.org","@graph":[{"@type":"WebPage","@id":"https:\/\/salon-artshopping-expo.com\/demande-dinformations-pour-exposer\/","url":"https:\/\/salon-artshopping-expo.com\/demande-dinformations-pour-exposer\/","name":"Exposer -","isPartOf":{"@id":"https:\/\/salon-artshopping-expo.com\/#website"},"primaryImageOfPage":{"@id":"https:\/\/salon-artshopping-expo.com\/demande-dinformations-pour-exposer\/#primaryimage"},"image":{"@id":"https:\/\/salon-artshopping-expo.com\/demande-dinformations-pour-exposer\/#primaryimage"},"thumbnailUrl":"https:\/\/salon-artshopping-expo.com\/wp-content\/plugins\/wpforms\/assets\/images\/submit-spin.svg","datePublished":"2026-03-11T19:48:59+00:00","dateModified":"2026-04-15T09:37:42+00:00","breadcrumb":{"@id":"https:\/\/salon-artshopping-expo.com\/demande-dinformations-pour-exposer\/#breadcrumb"},"inLanguage":"en-GB","potentialAction":[{"@type":"ReadAction","target":["https:\/\/salon-artshopping-expo.com\/demande-dinformations-pour-exposer\/"]}]},{"@type":"ImageObject","inLanguage":"en-GB","@id":"https:\/\/salon-artshopping-expo.com\/demande-dinformations-pour-exposer\/#primaryimage","url":"https:\/\/salon-artshopping-expo.com\/wp-content\/plugins\/wpforms\/assets\/images\/submit-spin.svg","contentUrl":"https:\/\/salon-artshopping-expo.com\/wp-content\/plugins\/wpforms\/assets\/images\/submit-spin.svg"},{"@type":"BreadcrumbList","@id":"https:\/\/salon-artshopping-expo.com\/demande-dinformations-pour-exposer\/#breadcrumb","itemListElement":[{"@type":"ListItem","position":1,"name":"Accueil","item":"https:\/\/salon-artshopping-expo.com\/"},{"@type":"ListItem","position":2,"name":"Exposer"}]},{"@type":"WebSite","@id":"https:\/\/salon-artshopping-expo.com\/#website","url":"https:\/\/salon-artshopping-expo.com\/","name":"","description":"","potentialAction":[{"@type":"SearchAction","target":{"@type":"EntryPoint","urlTemplate":"https:\/\/salon-artshopping-expo.com\/?s={search_term_string}"},"query-input":{"@type":"PropertyValueSpecification","valueRequired":true,"valueName":"search_term_string"}}],"inLanguage":"en-GB"}]}},"_links":{"self":[{"href":"https:\/\/salon-artshopping-expo.com\/en\/wp-json\/wp\/v2\/pages\/187","targetHints":{"allow":["GET"]}}],"collection":[{"href":"https:\/\/salon-artshopping-expo.com\/en\/wp-json\/wp\/v2\/pages"}],"about":[{"href":"https:\/\/salon-artshopping-expo.com\/en\/wp-json\/wp\/v2\/types\/page"}],"author":[{"embeddable":true,"href":"https:\/\/salon-artshopping-expo.com\/en\/wp-json\/wp\/v2\/users\/1"}],"replies":[{"embeddable":true,"href":"https:\/\/salon-artshopping-expo.com\/en\/wp-json\/wp\/v2\/comments?post=187"}],"version-history":[{"count":39,"href":"https:\/\/salon-artshopping-expo.com\/en\/wp-json\/wp\/v2\/pages\/187\/revisions"}],"predecessor-version":[{"id":846,"href":"https:\/\/salon-artshopping-expo.com\/en\/wp-json\/wp\/v2\/pages\/187\/revisions\/846"}],"wp:attachment":[{"href":"https:\/\/salon-artshopping-expo.com\/en\/wp-json\/wp\/v2\/media?parent=187"}],"curies":[{"name":"wp","href":"https:\/\/api.w.org\/{rel}","templated":true}]}}