{"id":1399,"date":"2026-04-21T13:22:20","date_gmt":"2026-04-21T13:22:20","guid":{"rendered":"https:\/\/salon-artshopping-expo.com\/?page_id=1399"},"modified":"2026-05-07T08:32:13","modified_gmt":"2026-05-07T08:32:13","slug":"editionavril2026","status":"publish","type":"page","link":"https:\/\/salon-artshopping-expo.com\/en\/editionavril2026\/","title":{"rendered":"L&rsquo;\u00e9dition Avril 2026"},"content":{"rendered":"<div data-elementor-type=\"wp-page\" data-elementor-id=\"1399\" class=\"elementor elementor-1399\">\n\t\t\t\t\t\t<div class=\"elementor-element elementor-element-ed827ee e-con e-atomic-element e-flexbox-base\" data-id=\"ed827ee\" data-element_type=\"e-flexbox\" data-e-type=\"e-flexbox\" data-interaction-id=\"ed827ee\">\n\t\t\t\t\t\t  \t<video\n    data-id=\"7f07026\" data-interaction-id=\"7f07026\"\n    data-e-type=\"e-self-hosted-video\" data-interactions=\"null\"\n    \n    class=\"e-self-hosted-video-base\"\n    \n\t\tcontrols\t\t\t\tcontrolslist=\"nodownload\"\n\t\t\t\t\t\t\t\t\t\tpreload=\"metadata\"\n\t>\n\t\t<source src=\"https:\/\/salon-artshopping-expo.com\/wp-content\/uploads\/2026\/04\/Video-Teasing-octobre.mp4#t=1\">\n\t<\/video>\n\t\t\t\t<\/div>\n\t\t<div class=\"elementor-element elementor-element-497290f e-flex e-con-boxed e-con e-parent\" data-id=\"497290f\" data-element_type=\"container\" data-e-type=\"container\">\n\t\t\t\t\t<div class=\"e-con-inner\">\n\t\t\t\t<div class=\"elementor-element elementor-element-96e34b7 elementor-widget elementor-widget-heading\" data-id=\"96e34b7\" data-element_type=\"widget\" data-e-type=\"widget\" data-widget_type=\"heading.default\">\n\t\t\t\t\t<h2 class=\"elementor-heading-title elementor-size-default\">L'\u00e9dition en photo<\/h2>\t\t\t\t<\/div>\n\t\t\t\t<div class=\"elementor-element elementor-element-805c826 gallery-spacing-custom elementor-widget elementor-widget-image-gallery\" data-id=\"805c826\" data-element_type=\"widget\" data-e-type=\"widget\" data-widget_type=\"image-gallery.default\">\n\t\t\t\t\t\t\t<div class=\"elementor-image-gallery\">\n\t\t\t<div id='gallery-1' class='gallery galleryid-1399 gallery-columns-3 gallery-size-post-slider-thumb-size'><figure class='gallery-item'>\r\n    \t\t<div class='gallery-icon landscape'>\r\n    \t\t\t<a href='https:\/\/salon-artshopping-expo.com\/wp-content\/uploads\/2026\/04\/0A4A2835-scaled.jpg' data-fancybox='group3' data-caption=''><img decoding=\"async\" src=\"data:image\/gif;base64,R0lGODlhAQABAAAAACH5BAEKAAEALAAAAAABAAEAAAICTAEAOw==\" data-layzr=\"https:\/\/salon-artshopping-expo.com\/wp-content\/uploads\/2026\/04\/0A4A2835-330x190.jpg\" alt='' \/><\/a>\r\n    \t\t<\/div><\/figure><figure class='gallery-item'>\r\n    \t\t<div class='gallery-icon landscape'>\r\n    \t\t\t<a href='https:\/\/salon-artshopping-expo.com\/wp-content\/uploads\/2026\/04\/0A4A2817-scaled.jpg' data-fancybox='group3' data-caption=''><img decoding=\"async\" src=\"data:image\/gif;base64,R0lGODlhAQABAAAAACH5BAEKAAEALAAAAAABAAEAAAICTAEAOw==\" data-layzr=\"https:\/\/salon-artshopping-expo.com\/wp-content\/uploads\/2026\/04\/0A4A2817-330x190.jpg\" alt='' \/><\/a>\r\n    \t\t<\/div><\/figure><figure class='gallery-item'>\r\n    \t\t<div class='gallery-icon landscape'>\r\n    \t\t\t<a href='https:\/\/salon-artshopping-expo.com\/wp-content\/uploads\/2026\/04\/0A4A2811-scaled.jpg' data-fancybox='group3' data-caption=''><img decoding=\"async\" src=\"data:image\/gif;base64,R0lGODlhAQABAAAAACH5BAEKAAEALAAAAAABAAEAAAICTAEAOw==\" data-layzr=\"https:\/\/salon-artshopping-expo.com\/wp-content\/uploads\/2026\/04\/0A4A2811-330x190.jpg\" alt='' \/><\/a>\r\n    \t\t<\/div><\/figure><figure class='gallery-item'>\r\n    \t\t<div class='gallery-icon portrait'>\r\n    \t\t\t<a href='https:\/\/salon-artshopping-expo.com\/wp-content\/uploads\/2026\/04\/0A4A2805-scaled.jpg' data-fancybox='group3' data-caption=''><img decoding=\"async\" src=\"data:image\/gif;base64,R0lGODlhAQABAAAAACH5BAEKAAEALAAAAAABAAEAAAICTAEAOw==\" data-layzr=\"https:\/\/salon-artshopping-expo.com\/wp-content\/uploads\/2026\/04\/0A4A2805-330x190.jpg\" alt='' \/><\/a>\r\n    \t\t<\/div><\/figure><figure class='gallery-item'>\r\n    \t\t<div class='gallery-icon landscape'>\r\n    \t\t\t<a href='https:\/\/salon-artshopping-expo.com\/wp-content\/uploads\/2026\/04\/0A4A2679-scaled.jpg' data-fancybox='group3' data-caption=''><img decoding=\"async\" src=\"data:image\/gif;base64,R0lGODlhAQABAAAAACH5BAEKAAEALAAAAAABAAEAAAICTAEAOw==\" data-layzr=\"https:\/\/salon-artshopping-expo.com\/wp-content\/uploads\/2026\/04\/0A4A2679-330x190.jpg\" alt='' \/><\/a>\r\n    \t\t<\/div><\/figure><figure class='gallery-item'>\r\n    \t\t<div class='gallery-icon landscape'>\r\n    \t\t\t<a href='https:\/\/salon-artshopping-expo.com\/wp-content\/uploads\/2026\/04\/0A4A2670-scaled.jpg' data-fancybox='group3' data-caption=''><img decoding=\"async\" src=\"data:image\/gif;base64,R0lGODlhAQABAAAAACH5BAEKAAEALAAAAAABAAEAAAICTAEAOw==\" data-layzr=\"https:\/\/salon-artshopping-expo.com\/wp-content\/uploads\/2026\/04\/0A4A2670-330x190.jpg\" alt='' \/><\/a>\r\n    \t\t<\/div><\/figure><figure class='gallery-item'>\r\n    \t\t<div class='gallery-icon landscape'>\r\n    \t\t\t<a href='https:\/\/salon-artshopping-expo.com\/wp-content\/uploads\/2026\/04\/0A4A2622-scaled.jpg' data-fancybox='group3' data-caption=''><img decoding=\"async\" src=\"data:image\/gif;base64,R0lGODlhAQABAAAAACH5BAEKAAEALAAAAAABAAEAAAICTAEAOw==\" data-layzr=\"https:\/\/salon-artshopping-expo.com\/wp-content\/uploads\/2026\/04\/0A4A2622-330x190.jpg\" alt='' \/><\/a>\r\n    \t\t<\/div><\/figure><figure class='gallery-item'>\r\n    \t\t<div class='gallery-icon landscape'>\r\n    \t\t\t<a href='https:\/\/salon-artshopping-expo.com\/wp-content\/uploads\/2026\/04\/0A4A2642-scaled.jpg' data-fancybox='group3' data-caption=''><img decoding=\"async\" src=\"data:image\/gif;base64,R0lGODlhAQABAAAAACH5BAEKAAEALAAAAAABAAEAAAICTAEAOw==\" data-layzr=\"https:\/\/salon-artshopping-expo.com\/wp-content\/uploads\/2026\/04\/0A4A2642-330x190.jpg\" alt='' \/><\/a>\r\n    \t\t<\/div><\/figure><figure class='gallery-item'>\r\n    \t\t<div class='gallery-icon landscape'>\r\n    \t\t\t<a href='https:\/\/salon-artshopping-expo.com\/wp-content\/uploads\/2026\/04\/0A4A2638-scaled.jpg' data-fancybox='group3' data-caption=''><img decoding=\"async\" src=\"data:image\/gif;base64,R0lGODlhAQABAAAAACH5BAEKAAEALAAAAAABAAEAAAICTAEAOw==\" data-layzr=\"https:\/\/salon-artshopping-expo.com\/wp-content\/uploads\/2026\/04\/0A4A2638-330x190.jpg\" alt='' \/><\/a>\r\n    \t\t<\/div><\/figure><figure class='gallery-item'>\r\n    \t\t<div class='gallery-icon landscape'>\r\n    \t\t\t<a href='https:\/\/salon-artshopping-expo.com\/wp-content\/uploads\/2026\/04\/0A4A2629-scaled.jpg' data-fancybox='group3' data-caption=''><img decoding=\"async\" src=\"data:image\/gif;base64,R0lGODlhAQABAAAAACH5BAEKAAEALAAAAAABAAEAAAICTAEAOw==\" data-layzr=\"https:\/\/salon-artshopping-expo.com\/wp-content\/uploads\/2026\/04\/0A4A2629-330x190.jpg\" alt='' \/><\/a>\r\n    \t\t<\/div><\/figure><figure class='gallery-item'>\r\n    \t\t<div class='gallery-icon landscape'>\r\n    \t\t\t<a href='https:\/\/salon-artshopping-expo.com\/wp-content\/uploads\/2026\/04\/0A4A2376-scaled.jpg' data-fancybox='group3' data-caption=''><img decoding=\"async\" src=\"data:image\/gif;base64,R0lGODlhAQABAAAAACH5BAEKAAEALAAAAAABAAEAAAICTAEAOw==\" data-layzr=\"https:\/\/salon-artshopping-expo.com\/wp-content\/uploads\/2026\/04\/0A4A2376-330x190.jpg\" alt='' \/><\/a>\r\n    \t\t<\/div><\/figure><figure class='gallery-item'>\r\n    \t\t<div class='gallery-icon portrait'>\r\n    \t\t\t<a href='https:\/\/salon-artshopping-expo.com\/wp-content\/uploads\/2026\/04\/0A4A2655-scaled.jpg' data-fancybox='group3' data-caption=''><img decoding=\"async\" src=\"data:image\/gif;base64,R0lGODlhAQABAAAAACH5BAEKAAEALAAAAAABAAEAAAICTAEAOw==\" data-layzr=\"https:\/\/salon-artshopping-expo.com\/wp-content\/uploads\/2026\/04\/0A4A2655-330x190.jpg\" alt='' \/><\/a>\r\n    \t\t<\/div><\/figure><figure class='gallery-item'>\r\n    \t\t<div class='gallery-icon portrait'>\r\n    \t\t\t<a href='https:\/\/salon-artshopping-expo.com\/wp-content\/uploads\/2026\/04\/Firefly_Gemini-Flash_make-all-frames-perfectly-aligned-and-remove-glass-reflects-723012-scaled.png' data-fancybox='group3' data-caption=''><img decoding=\"async\" src=\"data:image\/gif;base64,R0lGODlhAQABAAAAACH5BAEKAAEALAAAAAABAAEAAAICTAEAOw==\" data-layzr=\"https:\/\/salon-artshopping-expo.com\/wp-content\/uploads\/2026\/04\/Firefly_Gemini-Flash_make-all-frames-perfectly-aligned-and-remove-glass-reflects-723012-330x190.png\" alt='' \/><\/a>\r\n    \t\t<\/div><\/figure><figure class='gallery-item'>\r\n    \t\t<div class='gallery-icon landscape'>\r\n    \t\t\t<a href='https:\/\/salon-artshopping-expo.com\/wp-content\/uploads\/2026\/04\/0A4A2538-scaled.jpg' data-fancybox='group3' data-caption=''><img decoding=\"async\" src=\"data:image\/gif;base64,R0lGODlhAQABAAAAACH5BAEKAAEALAAAAAABAAEAAAICTAEAOw==\" data-layzr=\"https:\/\/salon-artshopping-expo.com\/wp-content\/uploads\/2026\/04\/0A4A2538-330x190.jpg\" alt='' \/><\/a>\r\n    \t\t<\/div><\/figure><figure class='gallery-item'>\r\n    \t\t<div class='gallery-icon landscape'>\r\n    \t\t\t<a href='https:\/\/salon-artshopping-expo.com\/wp-content\/uploads\/2026\/04\/0A4A2518-scaled.jpg' data-fancybox='group3' data-caption=''><img decoding=\"async\" src=\"data:image\/gif;base64,R0lGODlhAQABAAAAACH5BAEKAAEALAAAAAABAAEAAAICTAEAOw==\" data-layzr=\"https:\/\/salon-artshopping-expo.com\/wp-content\/uploads\/2026\/04\/0A4A2518-330x190.jpg\" alt='' \/><\/a>\r\n    \t\t<\/div><\/figure><figure class='gallery-item'>\r\n    \t\t<div class='gallery-icon landscape'>\r\n    \t\t\t<a href='https:\/\/salon-artshopping-expo.com\/wp-content\/uploads\/2026\/04\/0A4A2465-scaled.jpg' data-fancybox='group3' data-caption=''><img decoding=\"async\" src=\"data:image\/gif;base64,R0lGODlhAQABAAAAACH5BAEKAAEALAAAAAABAAEAAAICTAEAOw==\" data-layzr=\"https:\/\/salon-artshopping-expo.com\/wp-content\/uploads\/2026\/04\/0A4A2465-330x190.jpg\" alt='' \/><\/a>\r\n    \t\t<\/div><\/figure><figure class='gallery-item'>\r\n    \t\t<div class='gallery-icon portrait'>\r\n    \t\t\t<a href='https:\/\/salon-artshopping-expo.com\/wp-content\/uploads\/2026\/04\/0A4A2397-scaled.jpg' data-fancybox='group3' data-caption=''><img decoding=\"async\" src=\"data:image\/gif;base64,R0lGODlhAQABAAAAACH5BAEKAAEALAAAAAABAAEAAAICTAEAOw==\" data-layzr=\"https:\/\/salon-artshopping-expo.com\/wp-content\/uploads\/2026\/04\/0A4A2397-330x190.jpg\" alt='' \/><\/a>\r\n    \t\t<\/div><\/figure><figure class='gallery-item'>\r\n    \t\t<div class='gallery-icon landscape'>\r\n    \t\t\t<a href='https:\/\/salon-artshopping-expo.com\/wp-content\/uploads\/2026\/04\/0A4A2441-scaled.jpg' data-fancybox='group3' data-caption=''><img decoding=\"async\" src=\"data:image\/gif;base64,R0lGODlhAQABAAAAACH5BAEKAAEALAAAAAABAAEAAAICTAEAOw==\" data-layzr=\"https:\/\/salon-artshopping-expo.com\/wp-content\/uploads\/2026\/04\/0A4A2441-330x190.jpg\" alt='' \/><\/a>\r\n    \t\t<\/div><\/figure><figure class='gallery-item'>\r\n    \t\t<div class='gallery-icon landscape'>\r\n    \t\t\t<a href='https:\/\/salon-artshopping-expo.com\/wp-content\/uploads\/2026\/04\/0A4A2427-scaled.jpg' data-fancybox='group3' data-caption=''><img decoding=\"async\" src=\"data:image\/gif;base64,R0lGODlhAQABAAAAACH5BAEKAAEALAAAAAABAAEAAAICTAEAOw==\" data-layzr=\"https:\/\/salon-artshopping-expo.com\/wp-content\/uploads\/2026\/04\/0A4A2427-330x190.jpg\" alt='' \/><\/a>\r\n    \t\t<\/div><\/figure><figure class='gallery-item'>\r\n    \t\t<div class='gallery-icon landscape'>\r\n    \t\t\t<a href='https:\/\/salon-artshopping-expo.com\/wp-content\/uploads\/2026\/04\/0A4A2422-scaled.jpg' data-fancybox='group3' data-caption=''><img decoding=\"async\" src=\"data:image\/gif;base64,R0lGODlhAQABAAAAACH5BAEKAAEALAAAAAABAAEAAAICTAEAOw==\" data-layzr=\"https:\/\/salon-artshopping-expo.com\/wp-content\/uploads\/2026\/04\/0A4A2422-330x190.jpg\" alt='' \/><\/a>\r\n    \t\t<\/div><\/figure><figure class='gallery-item'>\r\n    \t\t<div class='gallery-icon landscape'>\r\n    \t\t\t<a href='https:\/\/salon-artshopping-expo.com\/wp-content\/uploads\/2026\/04\/0A4A2305-scaled.jpg' data-fancybox='group3' data-caption=''><img decoding=\"async\" src=\"data:image\/gif;base64,R0lGODlhAQABAAAAACH5BAEKAAEALAAAAAABAAEAAAICTAEAOw==\" data-layzr=\"https:\/\/salon-artshopping-expo.com\/wp-content\/uploads\/2026\/04\/0A4A2305-330x190.jpg\" alt='' \/><\/a>\r\n    \t\t<\/div><\/figure><figure class='gallery-item'>\r\n    \t\t<div class='gallery-icon portrait'>\r\n    \t\t\t<a href='https:\/\/salon-artshopping-expo.com\/wp-content\/uploads\/2026\/04\/0A4A2506-scaled.jpg' data-fancybox='group3' data-caption=''><img decoding=\"async\" src=\"data:image\/gif;base64,R0lGODlhAQABAAAAACH5BAEKAAEALAAAAAABAAEAAAICTAEAOw==\" data-layzr=\"https:\/\/salon-artshopping-expo.com\/wp-content\/uploads\/2026\/04\/0A4A2506-330x190.jpg\" alt='' \/><\/a>\r\n    \t\t<\/div><\/figure><figure class='gallery-item'>\r\n    \t\t<div class='gallery-icon landscape'>\r\n    \t\t\t<a href='https:\/\/salon-artshopping-expo.com\/wp-content\/uploads\/2026\/04\/0A4A2537-scaled.jpg' data-fancybox='group3' data-caption=''><img decoding=\"async\" src=\"data:image\/gif;base64,R0lGODlhAQABAAAAACH5BAEKAAEALAAAAAABAAEAAAICTAEAOw==\" data-layzr=\"https:\/\/salon-artshopping-expo.com\/wp-content\/uploads\/2026\/04\/0A4A2537-330x190.jpg\" alt='' \/><\/a>\r\n    \t\t<\/div><\/figure><figure class='gallery-item'>\r\n    \t\t<div class='gallery-icon landscape'>\r\n    \t\t\t<a href='https:\/\/salon-artshopping-expo.com\/wp-content\/uploads\/2026\/04\/0A4A2291-scaled.jpg' data-fancybox='group3' data-caption=''><img decoding=\"async\" src=\"data:image\/gif;base64,R0lGODlhAQABAAAAACH5BAEKAAEALAAAAAABAAEAAAICTAEAOw==\" data-layzr=\"https:\/\/salon-artshopping-expo.com\/wp-content\/uploads\/2026\/04\/0A4A2291-330x190.jpg\" alt='' \/><\/a>\r\n    \t\t<\/div><\/figure><figure class='gallery-item'>\r\n    \t\t<div class='gallery-icon landscape'>\r\n    \t\t\t<a href='https:\/\/salon-artshopping-expo.com\/wp-content\/uploads\/2026\/04\/0A4A2193-scaled.jpg' data-fancybox='group3' data-caption=''><img decoding=\"async\" src=\"data:image\/gif;base64,R0lGODlhAQABAAAAACH5BAEKAAEALAAAAAABAAEAAAICTAEAOw==\" data-layzr=\"https:\/\/salon-artshopping-expo.com\/wp-content\/uploads\/2026\/04\/0A4A2193-330x190.jpg\" alt='' \/><\/a>\r\n    \t\t<\/div><\/figure><figure class='gallery-item'>\r\n    \t\t<div class='gallery-icon landscape'>\r\n    \t\t\t<a href='https:\/\/salon-artshopping-expo.com\/wp-content\/uploads\/2026\/04\/0A4A2564-scaled.jpg' data-fancybox='group3' data-caption=''><img decoding=\"async\" src=\"data:image\/gif;base64,R0lGODlhAQABAAAAACH5BAEKAAEALAAAAAABAAEAAAICTAEAOw==\" data-layzr=\"https:\/\/salon-artshopping-expo.com\/wp-content\/uploads\/2026\/04\/0A4A2564-330x190.jpg\" alt='' \/><\/a>\r\n    \t\t<\/div><\/figure><figure class='gallery-item'>\r\n    \t\t<div class='gallery-icon landscape'>\r\n    \t\t\t<a href='https:\/\/salon-artshopping-expo.com\/wp-content\/uploads\/2026\/04\/0A4A2563-scaled.jpg' data-fancybox='group3' data-caption=''><img decoding=\"async\" src=\"data:image\/gif;base64,R0lGODlhAQABAAAAACH5BAEKAAEALAAAAAABAAEAAAICTAEAOw==\" data-layzr=\"https:\/\/salon-artshopping-expo.com\/wp-content\/uploads\/2026\/04\/0A4A2563-330x190.jpg\" alt='' \/><\/a>\r\n    \t\t<\/div><\/figure><figure class='gallery-item'>\r\n    \t\t<div class='gallery-icon landscape'>\r\n    \t\t\t<a href='https:\/\/salon-artshopping-expo.com\/wp-content\/uploads\/2026\/04\/0A4A2481-scaled.jpg' data-fancybox='group3' data-caption=''><img decoding=\"async\" src=\"data:image\/gif;base64,R0lGODlhAQABAAAAACH5BAEKAAEALAAAAAABAAEAAAICTAEAOw==\" data-layzr=\"https:\/\/salon-artshopping-expo.com\/wp-content\/uploads\/2026\/04\/0A4A2481-330x190.jpg\" alt='' \/><\/a>\r\n    \t\t<\/div><\/figure><figure class='gallery-item'>\r\n    \t\t<div class='gallery-icon landscape'>\r\n    \t\t\t<a href='https:\/\/salon-artshopping-expo.com\/wp-content\/uploads\/2026\/04\/0A4A2280-scaled.jpg' data-fancybox='group3' data-caption=''><img decoding=\"async\" src=\"data:image\/gif;base64,R0lGODlhAQABAAAAACH5BAEKAAEALAAAAAABAAEAAAICTAEAOw==\" data-layzr=\"https:\/\/salon-artshopping-expo.com\/wp-content\/uploads\/2026\/04\/0A4A2280-330x190.jpg\" alt='' \/><\/a>\r\n    \t\t<\/div><\/figure><figure class='gallery-item'>\r\n    \t\t<div class='gallery-icon portrait'>\r\n    \t\t\t<a href='https:\/\/salon-artshopping-expo.com\/wp-content\/uploads\/2026\/04\/0A4A2781-scaled.jpg' data-fancybox='group3' data-caption=''><img decoding=\"async\" src=\"data:image\/gif;base64,R0lGODlhAQABAAAAACH5BAEKAAEALAAAAAABAAEAAAICTAEAOw==\" data-layzr=\"https:\/\/salon-artshopping-expo.com\/wp-content\/uploads\/2026\/04\/0A4A2781-330x190.jpg\" alt='' \/><\/a>\r\n    \t\t<\/div><\/figure><figure class='gallery-item'>\r\n    \t\t<div class='gallery-icon portrait'>\r\n    \t\t\t<a href='https:\/\/salon-artshopping-expo.com\/wp-content\/uploads\/2026\/04\/Firefly_Gemini-Flash_make-all-frames-perfectly-aligned-723012-scaled.png' data-fancybox='group3' data-caption=''><img decoding=\"async\" src=\"data:image\/gif;base64,R0lGODlhAQABAAAAACH5BAEKAAEALAAAAAABAAEAAAICTAEAOw==\" data-layzr=\"https:\/\/salon-artshopping-expo.com\/wp-content\/uploads\/2026\/04\/Firefly_Gemini-Flash_make-all-frames-perfectly-aligned-723012-330x190.png\" alt='' \/><\/a>\r\n    \t\t<\/div><\/figure><figure class='gallery-item'>\r\n    \t\t<div class='gallery-icon landscape'>\r\n    \t\t\t<a href='https:\/\/salon-artshopping-expo.com\/wp-content\/uploads\/2026\/04\/IMG_8713-gf_-scaled.jpg' data-fancybox='group3' data-caption=''><img decoding=\"async\" src=\"data:image\/gif;base64,R0lGODlhAQABAAAAACH5BAEKAAEALAAAAAABAAEAAAICTAEAOw==\" data-layzr=\"https:\/\/salon-artshopping-expo.com\/wp-content\/uploads\/2026\/04\/IMG_8713-gf_-330x190.jpg\" alt='' \/><\/a>\r\n    \t\t<\/div><\/figure><figure class='gallery-item'>\r\n    \t\t<div class='gallery-icon portrait'>\r\n    \t\t\t<a href='https:\/\/salon-artshopping-expo.com\/wp-content\/uploads\/2026\/04\/0A4A2575-scaled.jpg' data-fancybox='group3' data-caption=''><img decoding=\"async\" src=\"data:image\/gif;base64,R0lGODlhAQABAAAAACH5BAEKAAEALAAAAAABAAEAAAICTAEAOw==\" data-layzr=\"https:\/\/salon-artshopping-expo.com\/wp-content\/uploads\/2026\/04\/0A4A2575-330x190.jpg\" alt='' \/><\/a>\r\n    \t\t<\/div><\/figure><figure class='gallery-item'>\r\n    \t\t<div class='gallery-icon landscape'>\r\n    \t\t\t<a href='https:\/\/salon-artshopping-expo.com\/wp-content\/uploads\/2026\/04\/0A4A2548-scaled.jpg' data-fancybox='group3' data-caption=''><img decoding=\"async\" src=\"data:image\/gif;base64,R0lGODlhAQABAAAAACH5BAEKAAEALAAAAAABAAEAAAICTAEAOw==\" data-layzr=\"https:\/\/salon-artshopping-expo.com\/wp-content\/uploads\/2026\/04\/0A4A2548-330x190.jpg\" alt='' \/><\/a>\r\n    \t\t<\/div><\/figure><figure class='gallery-item'>\r\n    \t\t<div class='gallery-icon landscape'>\r\n    \t\t\t<a href='https:\/\/salon-artshopping-expo.com\/wp-content\/uploads\/2026\/05\/0A4A2927-scaled.jpg' data-fancybox='group3' data-caption='L&#039;\u00e9quipe Art Shopping'><img decoding=\"async\" src=\"data:image\/gif;base64,R0lGODlhAQABAAAAACH5BAEKAAEALAAAAAABAAEAAAICTAEAOw==\" data-layzr=\"https:\/\/salon-artshopping-expo.com\/wp-content\/uploads\/2026\/05\/0A4A2927-330x190.jpg\" alt='' \/><\/a>\r\n    \t\t<\/div>\r\n    \t\t\t<figcaption class='wp-caption-text gallery-caption' id='gallery-1-1560'>\r\n    \t\t\tL&#8217;\u00e9quipe Art Shopping\r\n    \t\t\t<\/figcaption><\/figure><figure class='gallery-item'>\r\n    \t\t<div class='gallery-icon landscape'>\r\n    \t\t\t<a href='https:\/\/salon-artshopping-expo.com\/wp-content\/uploads\/2026\/04\/0A4A2585-scaled.jpg' data-fancybox='group3' data-caption=''><img decoding=\"async\" src=\"data:image\/gif;base64,R0lGODlhAQABAAAAACH5BAEKAAEALAAAAAABAAEAAAICTAEAOw==\" data-layzr=\"https:\/\/salon-artshopping-expo.com\/wp-content\/uploads\/2026\/04\/0A4A2585-330x190.jpg\" alt='' \/><\/a>\r\n    \t\t<\/div><\/figure>\r\n    \t<\/div>\n\t\t<\/div>\n\t\t\t\t\t\t<\/div>\n\t\t\t\t\t<\/div>\n\t\t\t\t<\/div>\n\t\t\t\t<\/div>","protected":false},"excerpt":{"rendered":"<p>L&rsquo;\u00e9dition en photo L&#8217;\u00e9quipe Art Shopping<\/p>","protected":false},"author":1,"featured_media":0,"parent":0,"menu_order":0,"comment_status":"closed","ping_status":"closed","template":"","meta":{"footnotes":""},"class_list":["post-1399","page","type-page","status-publish","hentry","latest_post"],"yoast_head":"<!-- This site is optimized with the Yoast SEO plugin v27.6 - https:\/\/yoast.com\/product\/yoast-seo-wordpress\/ -->\n<title>L&#039;\u00e9dition Avril 2026 -<\/title>\n<meta name=\"robots\" content=\"index, follow, max-snippet:-1, max-image-preview:large, max-video-preview:-1\" \/>\n<link rel=\"canonical\" href=\"https:\/\/salon-artshopping-expo.com\/en\/editionavril2026\/\" \/>\n<meta property=\"og:locale\" content=\"en_GB\" \/>\n<meta property=\"og:type\" content=\"article\" \/>\n<meta property=\"og:title\" content=\"L&#039;\u00e9dition Avril 2026 -\" \/>\n<meta property=\"og:description\" content=\"L&rsquo;\u00e9dition en photo L&#8217;\u00e9quipe Art Shopping\" \/>\n<meta property=\"og:url\" content=\"https:\/\/salon-artshopping-expo.com\/en\/editionavril2026\/\" \/>\n<meta property=\"article:modified_time\" content=\"2026-05-07T08:32:13+00:00\" \/>\n<meta property=\"og:image\" content=\"https:\/\/salon-artshopping-expo.com\/wp-content\/uploads\/2026\/04\/0A4A2835-330x190.jpg\" \/>\n<meta name=\"twitter:card\" content=\"summary_large_image\" \/>\n<meta name=\"twitter:label1\" content=\"Estimated reading time\" \/>\n\t<meta name=\"twitter:data1\" content=\"8 minutes\" \/>\n<script type=\"application\/ld+json\" class=\"yoast-schema-graph\">{\"@context\":\"https:\\\/\\\/schema.org\",\"@graph\":[{\"@type\":\"WebPage\",\"@id\":\"https:\\\/\\\/salon-artshopping-expo.com\\\/editionavril2026\\\/\",\"url\":\"https:\\\/\\\/salon-artshopping-expo.com\\\/editionavril2026\\\/\",\"name\":\"L'\u00e9dition Avril 2026 -\",\"isPartOf\":{\"@id\":\"https:\\\/\\\/salon-artshopping-expo.com\\\/#website\"},\"primaryImageOfPage\":{\"@id\":\"https:\\\/\\\/salon-artshopping-expo.com\\\/editionavril2026\\\/#primaryimage\"},\"image\":{\"@id\":\"https:\\\/\\\/salon-artshopping-expo.com\\\/editionavril2026\\\/#primaryimage\"},\"thumbnailUrl\":\"https:\\\/\\\/salon-artshopping-expo.com\\\/wp-content\\\/uploads\\\/2026\\\/04\\\/0A4A2835-330x190.jpg\",\"datePublished\":\"2026-04-21T13:22:20+00:00\",\"dateModified\":\"2026-05-07T08:32:13+00:00\",\"breadcrumb\":{\"@id\":\"https:\\\/\\\/salon-artshopping-expo.com\\\/editionavril2026\\\/#breadcrumb\"},\"inLanguage\":\"en-GB\",\"potentialAction\":[{\"@type\":\"ReadAction\",\"target\":[\"https:\\\/\\\/salon-artshopping-expo.com\\\/editionavril2026\\\/\"]}]},{\"@type\":\"ImageObject\",\"inLanguage\":\"en-GB\",\"@id\":\"https:\\\/\\\/salon-artshopping-expo.com\\\/editionavril2026\\\/#primaryimage\",\"url\":\"https:\\\/\\\/salon-artshopping-expo.com\\\/wp-content\\\/uploads\\\/2026\\\/04\\\/0A4A2835-330x190.jpg\",\"contentUrl\":\"https:\\\/\\\/salon-artshopping-expo.com\\\/wp-content\\\/uploads\\\/2026\\\/04\\\/0A4A2835-330x190.jpg\"},{\"@type\":\"BreadcrumbList\",\"@id\":\"https:\\\/\\\/salon-artshopping-expo.com\\\/editionavril2026\\\/#breadcrumb\",\"itemListElement\":[{\"@type\":\"ListItem\",\"position\":1,\"name\":\"Accueil\",\"item\":\"https:\\\/\\\/salon-artshopping-expo.com\\\/\"},{\"@type\":\"ListItem\",\"position\":2,\"name\":\"L&#8217;\u00e9dition Avril 2026\"}]},{\"@type\":\"WebSite\",\"@id\":\"https:\\\/\\\/salon-artshopping-expo.com\\\/#website\",\"url\":\"https:\\\/\\\/salon-artshopping-expo.com\\\/\",\"name\":\"\",\"description\":\"\",\"potentialAction\":[{\"@type\":\"SearchAction\",\"target\":{\"@type\":\"EntryPoint\",\"urlTemplate\":\"https:\\\/\\\/salon-artshopping-expo.com\\\/?s={search_term_string}\"},\"query-input\":{\"@type\":\"PropertyValueSpecification\",\"valueRequired\":true,\"valueName\":\"search_term_string\"}}],\"inLanguage\":\"en-GB\"}]}<\/script>\n<!-- \/ Yoast SEO plugin. -->","yoast_head_json":{"title":"L'\u00e9dition Avril 2026 -","robots":{"index":"index","follow":"follow","max-snippet":"max-snippet:-1","max-image-preview":"max-image-preview:large","max-video-preview":"max-video-preview:-1"},"canonical":"https:\/\/salon-artshopping-expo.com\/en\/editionavril2026\/","og_locale":"en_GB","og_type":"article","og_title":"L'\u00e9dition Avril 2026 -","og_description":"L&rsquo;\u00e9dition en photo L&#8217;\u00e9quipe Art Shopping","og_url":"https:\/\/salon-artshopping-expo.com\/en\/editionavril2026\/","article_modified_time":"2026-05-07T08:32:13+00:00","og_image":[{"url":"https:\/\/salon-artshopping-expo.com\/wp-content\/uploads\/2026\/04\/0A4A2835-330x190.jpg","type":"","width":"","height":""}],"twitter_card":"summary_large_image","twitter_misc":{"Estimated reading time":"8 minutes"},"schema":{"@context":"https:\/\/schema.org","@graph":[{"@type":"WebPage","@id":"https:\/\/salon-artshopping-expo.com\/editionavril2026\/","url":"https:\/\/salon-artshopping-expo.com\/editionavril2026\/","name":"L'\u00e9dition Avril 2026 -","isPartOf":{"@id":"https:\/\/salon-artshopping-expo.com\/#website"},"primaryImageOfPage":{"@id":"https:\/\/salon-artshopping-expo.com\/editionavril2026\/#primaryimage"},"image":{"@id":"https:\/\/salon-artshopping-expo.com\/editionavril2026\/#primaryimage"},"thumbnailUrl":"https:\/\/salon-artshopping-expo.com\/wp-content\/uploads\/2026\/04\/0A4A2835-330x190.jpg","datePublished":"2026-04-21T13:22:20+00:00","dateModified":"2026-05-07T08:32:13+00:00","breadcrumb":{"@id":"https:\/\/salon-artshopping-expo.com\/editionavril2026\/#breadcrumb"},"inLanguage":"en-GB","potentialAction":[{"@type":"ReadAction","target":["https:\/\/salon-artshopping-expo.com\/editionavril2026\/"]}]},{"@type":"ImageObject","inLanguage":"en-GB","@id":"https:\/\/salon-artshopping-expo.com\/editionavril2026\/#primaryimage","url":"https:\/\/salon-artshopping-expo.com\/wp-content\/uploads\/2026\/04\/0A4A2835-330x190.jpg","contentUrl":"https:\/\/salon-artshopping-expo.com\/wp-content\/uploads\/2026\/04\/0A4A2835-330x190.jpg"},{"@type":"BreadcrumbList","@id":"https:\/\/salon-artshopping-expo.com\/editionavril2026\/#breadcrumb","itemListElement":[{"@type":"ListItem","position":1,"name":"Accueil","item":"https:\/\/salon-artshopping-expo.com\/"},{"@type":"ListItem","position":2,"name":"L&#8217;\u00e9dition Avril 2026"}]},{"@type":"WebSite","@id":"https:\/\/salon-artshopping-expo.com\/#website","url":"https:\/\/salon-artshopping-expo.com\/","name":"","description":"","potentialAction":[{"@type":"SearchAction","target":{"@type":"EntryPoint","urlTemplate":"https:\/\/salon-artshopping-expo.com\/?s={search_term_string}"},"query-input":{"@type":"PropertyValueSpecification","valueRequired":true,"valueName":"search_term_string"}}],"inLanguage":"en-GB"}]}},"_links":{"self":[{"href":"https:\/\/salon-artshopping-expo.com\/en\/wp-json\/wp\/v2\/pages\/1399","targetHints":{"allow":["GET"]}}],"collection":[{"href":"https:\/\/salon-artshopping-expo.com\/en\/wp-json\/wp\/v2\/pages"}],"about":[{"href":"https:\/\/salon-artshopping-expo.com\/en\/wp-json\/wp\/v2\/types\/page"}],"author":[{"embeddable":true,"href":"https:\/\/salon-artshopping-expo.com\/en\/wp-json\/wp\/v2\/users\/1"}],"replies":[{"embeddable":true,"href":"https:\/\/salon-artshopping-expo.com\/en\/wp-json\/wp\/v2\/comments?post=1399"}],"version-history":[{"count":23,"href":"https:\/\/salon-artshopping-expo.com\/en\/wp-json\/wp\/v2\/pages\/1399\/revisions"}],"predecessor-version":[{"id":1563,"href":"https:\/\/salon-artshopping-expo.com\/en\/wp-json\/wp\/v2\/pages\/1399\/revisions\/1563"}],"wp:attachment":[{"href":"https:\/\/salon-artshopping-expo.com\/en\/wp-json\/wp\/v2\/media?parent=1399"}],"curies":[{"name":"wp","href":"https:\/\/api.w.org\/{rel}","templated":true}]}}